{"id":234125,"date":"2023-10-25T09:28:45","date_gmt":"2023-10-25T06:28:45","guid":{"rendered":"https:\/\/va-varuste.fi\/tuote\/musta\/"},"modified":"2026-03-25T15:39:16","modified_gmt":"2026-03-25T13:39:16","slug":"musta","status":"publish","type":"product","link":"https:\/\/va-varuste.fi\/sv\/produkt\/musta\/","title":{"rendered":"Svart gummiband, 20 mm"},"content":{"rendered":"<p>Svart gummiband f\u00f6r b\u00e5tbruk. Bredd 20 mm, s\u00e4ljs per meter fr\u00e5n en 50 m rulle.<\/p>\n<p>Gummibandet l\u00e4mpar sig f\u00f6r f\u00e4stning av b\u00e5tkapell, \u00f6verdrag och presenningar. Det elastiska materialet anpassar sig till f\u00e4stpunkterna och h\u00e5ller \u00f6verdragen stadigt p\u00e5 plats \u00e4ven i bl\u00e5sigt v\u00e4der.<\/p>\n<p>H\u00e5llbart och v\u00e4derbest\u00e4ndigt gummiband, utm\u00e4rkt f\u00f6r b\u00e5tlivets kr\u00e4vande f\u00f6rh\u00e5llanden.<\/p>\n<p>S\u00e4ljs per meter. M\u00e5ttbest\u00e4llda produkter kan inte returneras eller bytas.<\/p>\n","protected":false},"excerpt":{"rendered":"<p>Svart gummiband 20 mm f\u00f6r b\u00e5tbruk. V\u00e4derbest\u00e4ndigt och elastiskt. S\u00e4ljs per meter fr\u00e5n en 50 m rulle.<\/p>\n","protected":false},"featured_media":0,"template":"","meta":[],"product_brand":[],"product_cat":[624,667],"product_tag":[1061],"class_list":{"0":"post-234125","1":"product","2":"type-product","3":"status-publish","5":"product_cat-alla-produkter","6":"product_cat-battillbehor","7":"product_tag-kanttinauha-sv","9":"first","10":"instock","11":"taxable","12":"shipping-taxable","13":"purchasable","14":"product-type-simple"},"yoast_head":"<!-- This site is optimized with the Yoast SEO plugin v27.4 - https:\/\/yoast.com\/product\/yoast-seo-wordpress\/ -->\n<title>Svart gummiband 20 mm f\u00f6r b\u00e5tbruk | VA-Varuste<\/title>\n<meta name=\"description\" content=\"Svart gummiband 20 mm f\u00f6r f\u00e4stning av b\u00e5tkapell och \u00f6verdrag. V\u00e4derbest\u00e4ndigt och elastiskt. S\u00e4ljs per meter. Best\u00e4ll fr\u00e5n VA-Varuste.\" \/>\n<meta name=\"robots\" content=\"index, follow, max-snippet:-1, max-image-preview:large, max-video-preview:-1\" \/>\n<link rel=\"canonical\" href=\"https:\/\/va-varuste.fi\/tuote\/musta\/\" \/>\n<meta property=\"og:locale\" content=\"sv_SE\" \/>\n<meta property=\"og:type\" content=\"article\" \/>\n<meta property=\"og:title\" content=\"Svart gummiband 20 mm f\u00f6r b\u00e5tbruk | VA-Varuste\" \/>\n<meta property=\"og:description\" content=\"Svart gummiband 20 mm f\u00f6r f\u00e4stning av b\u00e5tkapell och \u00f6verdrag. V\u00e4derbest\u00e4ndigt och elastiskt. S\u00e4ljs per meter. Best\u00e4ll fr\u00e5n VA-Varuste.\" \/>\n<meta property=\"og:url\" content=\"https:\/\/va-varuste.fi\/tuote\/musta\/\" \/>\n<meta property=\"og:site_name\" content=\"VA-Varuste\" \/>\n<meta property=\"article:publisher\" content=\"https:\/\/www.facebook.com\/vavarustefi\/\" \/>\n<meta property=\"article:modified_time\" content=\"2026-03-25T13:39:16+00:00\" \/>\n<meta name=\"twitter:card\" content=\"summary_large_image\" \/>\n<script type=\"application\/ld+json\" class=\"yoast-schema-graph\">{\"@context\":\"https:\\\/\\\/schema.org\",\"@graph\":[{\"@type\":\"WebPage\",\"@id\":\"https:\\\/\\\/va-varuste.fi\\\/tuote\\\/musta\\\/\",\"url\":\"https:\\\/\\\/va-varuste.fi\\\/tuote\\\/musta\\\/\",\"name\":\"Svart gummiband 20 mm f\u00f6r b\u00e5tbruk | VA-Varuste\",\"isPartOf\":{\"@id\":\"https:\\\/\\\/va-varuste.fi\\\/#website\"},\"datePublished\":\"2023-10-25T06:28:45+00:00\",\"dateModified\":\"2026-03-25T13:39:16+00:00\",\"description\":\"Svart gummiband 20 mm f\u00f6r f\u00e4stning av b\u00e5tkapell och \u00f6verdrag. V\u00e4derbest\u00e4ndigt och elastiskt. S\u00e4ljs per meter. Best\u00e4ll fr\u00e5n VA-Varuste.\",\"breadcrumb\":{\"@id\":\"https:\\\/\\\/va-varuste.fi\\\/tuote\\\/musta\\\/#breadcrumb\"},\"inLanguage\":\"sv-SE\",\"potentialAction\":[{\"@type\":\"ReadAction\",\"target\":[\"https:\\\/\\\/va-varuste.fi\\\/tuote\\\/musta\\\/\"]}]},{\"@type\":\"BreadcrumbList\",\"@id\":\"https:\\\/\\\/va-varuste.fi\\\/tuote\\\/musta\\\/#breadcrumb\",\"itemListElement\":[{\"@type\":\"ListItem\",\"position\":1,\"name\":\"Etusivu\",\"item\":\"https:\\\/\\\/va-varuste.fi\\\/sv\\\/\"},{\"@type\":\"ListItem\",\"position\":2,\"name\":\"Webbutik\",\"item\":\"https:\\\/\\\/va-varuste.fi\\\/sv\\\/webbutik\\\/\"},{\"@type\":\"ListItem\",\"position\":3,\"name\":\"Svart gummiband, 20 mm\"}]},{\"@type\":\"WebSite\",\"@id\":\"https:\\\/\\\/va-varuste.fi\\\/#website\",\"url\":\"https:\\\/\\\/va-varuste.fi\\\/\",\"name\":\"VA-Varuste\",\"description\":\"\",\"publisher\":{\"@id\":\"https:\\\/\\\/va-varuste.fi\\\/#organization\"},\"potentialAction\":[{\"@type\":\"SearchAction\",\"target\":{\"@type\":\"EntryPoint\",\"urlTemplate\":\"https:\\\/\\\/va-varuste.fi\\\/?s={search_term_string}\"},\"query-input\":{\"@type\":\"PropertyValueSpecification\",\"valueRequired\":true,\"valueName\":\"search_term_string\"}}],\"inLanguage\":\"sv-SE\"},{\"@type\":\"Organization\",\"@id\":\"https:\\\/\\\/va-varuste.fi\\\/#organization\",\"name\":\"VA-Varuste\",\"url\":\"https:\\\/\\\/va-varuste.fi\\\/\",\"logo\":{\"@type\":\"ImageObject\",\"inLanguage\":\"sv-SE\",\"@id\":\"https:\\\/\\\/va-varuste.fi\\\/#\\\/schema\\\/logo\\\/image\\\/\",\"url\":\"https:\\\/\\\/va-varuste.fi\\\/wp-content\\\/uploads\\\/2023\\\/09\\\/va-logo.svg\",\"contentUrl\":\"https:\\\/\\\/va-varuste.fi\\\/wp-content\\\/uploads\\\/2023\\\/09\\\/va-logo.svg\",\"caption\":\"VA-Varuste\"},\"image\":{\"@id\":\"https:\\\/\\\/va-varuste.fi\\\/#\\\/schema\\\/logo\\\/image\\\/\"},\"sameAs\":[\"https:\\\/\\\/www.facebook.com\\\/vavarustefi\\\/\",\"https:\\\/\\\/www.instagram.com\\\/vavaruste\\\/\"]}]}<\/script>\n<!-- \/ Yoast SEO plugin. -->","yoast_head_json":{"title":"Svart gummiband 20 mm f\u00f6r b\u00e5tbruk | VA-Varuste","description":"Svart gummiband 20 mm f\u00f6r f\u00e4stning av b\u00e5tkapell och \u00f6verdrag. V\u00e4derbest\u00e4ndigt och elastiskt. S\u00e4ljs per meter. Best\u00e4ll fr\u00e5n VA-Varuste.","robots":{"index":"index","follow":"follow","max-snippet":"max-snippet:-1","max-image-preview":"max-image-preview:large","max-video-preview":"max-video-preview:-1"},"canonical":"https:\/\/va-varuste.fi\/tuote\/musta\/","og_locale":"sv_SE","og_type":"article","og_title":"Svart gummiband 20 mm f\u00f6r b\u00e5tbruk | VA-Varuste","og_description":"Svart gummiband 20 mm f\u00f6r f\u00e4stning av b\u00e5tkapell och \u00f6verdrag. V\u00e4derbest\u00e4ndigt och elastiskt. S\u00e4ljs per meter. Best\u00e4ll fr\u00e5n VA-Varuste.","og_url":"https:\/\/va-varuste.fi\/tuote\/musta\/","og_site_name":"VA-Varuste","article_publisher":"https:\/\/www.facebook.com\/vavarustefi\/","article_modified_time":"2026-03-25T13:39:16+00:00","twitter_card":"summary_large_image","schema":{"@context":"https:\/\/schema.org","@graph":[{"@type":"WebPage","@id":"https:\/\/va-varuste.fi\/tuote\/musta\/","url":"https:\/\/va-varuste.fi\/tuote\/musta\/","name":"Svart gummiband 20 mm f\u00f6r b\u00e5tbruk | VA-Varuste","isPartOf":{"@id":"https:\/\/va-varuste.fi\/#website"},"datePublished":"2023-10-25T06:28:45+00:00","dateModified":"2026-03-25T13:39:16+00:00","description":"Svart gummiband 20 mm f\u00f6r f\u00e4stning av b\u00e5tkapell och \u00f6verdrag. V\u00e4derbest\u00e4ndigt och elastiskt. S\u00e4ljs per meter. Best\u00e4ll fr\u00e5n VA-Varuste.","breadcrumb":{"@id":"https:\/\/va-varuste.fi\/tuote\/musta\/#breadcrumb"},"inLanguage":"sv-SE","potentialAction":[{"@type":"ReadAction","target":["https:\/\/va-varuste.fi\/tuote\/musta\/"]}]},{"@type":"BreadcrumbList","@id":"https:\/\/va-varuste.fi\/tuote\/musta\/#breadcrumb","itemListElement":[{"@type":"ListItem","position":1,"name":"Etusivu","item":"https:\/\/va-varuste.fi\/sv\/"},{"@type":"ListItem","position":2,"name":"Webbutik","item":"https:\/\/va-varuste.fi\/sv\/webbutik\/"},{"@type":"ListItem","position":3,"name":"Svart gummiband, 20 mm"}]},{"@type":"WebSite","@id":"https:\/\/va-varuste.fi\/#website","url":"https:\/\/va-varuste.fi\/","name":"VA-Varuste","description":"","publisher":{"@id":"https:\/\/va-varuste.fi\/#organization"},"potentialAction":[{"@type":"SearchAction","target":{"@type":"EntryPoint","urlTemplate":"https:\/\/va-varuste.fi\/?s={search_term_string}"},"query-input":{"@type":"PropertyValueSpecification","valueRequired":true,"valueName":"search_term_string"}}],"inLanguage":"sv-SE"},{"@type":"Organization","@id":"https:\/\/va-varuste.fi\/#organization","name":"VA-Varuste","url":"https:\/\/va-varuste.fi\/","logo":{"@type":"ImageObject","inLanguage":"sv-SE","@id":"https:\/\/va-varuste.fi\/#\/schema\/logo\/image\/","url":"https:\/\/va-varuste.fi\/wp-content\/uploads\/2023\/09\/va-logo.svg","contentUrl":"https:\/\/va-varuste.fi\/wp-content\/uploads\/2023\/09\/va-logo.svg","caption":"VA-Varuste"},"image":{"@id":"https:\/\/va-varuste.fi\/#\/schema\/logo\/image\/"},"sameAs":["https:\/\/www.facebook.com\/vavarustefi\/","https:\/\/www.instagram.com\/vavaruste\/"]}]}},"_links":{"self":[{"href":"https:\/\/va-varuste.fi\/sv\/wp-json\/wp\/v2\/product\/234125","targetHints":{"allow":["GET"]}}],"collection":[{"href":"https:\/\/va-varuste.fi\/sv\/wp-json\/wp\/v2\/product"}],"about":[{"href":"https:\/\/va-varuste.fi\/sv\/wp-json\/wp\/v2\/types\/product"}],"wp:attachment":[{"href":"https:\/\/va-varuste.fi\/sv\/wp-json\/wp\/v2\/media?parent=234125"}],"wp:term":[{"taxonomy":"product_brand","embeddable":true,"href":"https:\/\/va-varuste.fi\/sv\/wp-json\/wp\/v2\/product_brand?post=234125"},{"taxonomy":"product_cat","embeddable":true,"href":"https:\/\/va-varuste.fi\/sv\/wp-json\/wp\/v2\/product_cat?post=234125"},{"taxonomy":"product_tag","embeddable":true,"href":"https:\/\/va-varuste.fi\/sv\/wp-json\/wp\/v2\/product_tag?post=234125"}],"curies":[{"name":"wp","href":"https:\/\/api.w.org\/{rel}","templated":true}]}}