{"id":234132,"date":"2023-10-25T09:28:32","date_gmt":"2023-10-25T06:28:32","guid":{"rendered":"https:\/\/va-varuste.fi\/tuote\/lienzo-black-kohokuvio-twl-9002\/"},"modified":"2026-03-26T13:42:27","modified_gmt":"2026-03-26T11:42:27","slug":"lienzo-black-kohokuvio-twl-9002","status":"publish","type":"product","link":"https:\/\/va-varuste.fi\/sv\/produkt\/lienzo-black-kohokuvio-twl-9002\/","title":{"rendered":"Lienzo Black reliefm\u00f6nster TWL-9002"},"content":{"rendered":"<p>Lienzo Black TWL-9002 \u00e4r ett vinylkl\u00e4dseltyg med ett distinkt v\u00e4vt reliefm\u00f6nster. Den texturerade ytan ger tyget en v\u00e4vd k\u00e4nsla och tillf\u00f6r djup och intresse till inredningen.<\/p>\n<p>Tyget \u00e4r 137 cm brett. Materialet \u00e4r vinyl p\u00e5 polyesterbaksida. Reng\u00f6r med mild tv\u00e5l och vatten.<\/p>\n<p>Den reliefm\u00f6nstrade svarta ytan passar utm\u00e4rkt f\u00f6r accentytor och detaljer i b\u00e5tinredningar d\u00e4r man vill ha en distinkt textur.<\/p>\n<p>S\u00e4ljs per meter. M\u00e5ttbest\u00e4llda produkter kan inte returneras eller bytas.<\/p>\n","protected":false},"excerpt":{"rendered":"<p>Lienzo Black TWL-9002 reliefm\u00f6nstrat vinylkl\u00e4dseltyg. V\u00e4vd textur, bredd 137 cm. S\u00e4ljs per meter.<\/p>\n","protected":false},"featured_media":216623,"template":"","meta":[],"product_brand":[],"product_cat":[624,686],"product_tag":[1688],"class_list":{"0":"post-234132","1":"product","2":"type-product","3":"status-publish","4":"has-post-thumbnail","6":"product_cat-alla-produkter","7":"product_cat-konstlader","8":"product_tag-spradling","10":"first","11":"instock","12":"taxable","13":"shipping-taxable","14":"purchasable","15":"product-type-simple"},"yoast_head":"<!-- This site is optimized with the Yoast SEO plugin v27.4 - https:\/\/yoast.com\/product\/yoast-seo-wordpress\/ -->\n<title>Lienzo Black reliefm\u00f6nster TWL-9002 kl\u00e4dseltyg | VA-Varuste<\/title>\n<meta name=\"description\" content=\"Lienzo Black TWL-9002 reliefm\u00f6nstrat vinylkl\u00e4dseltyg med v\u00e4vd textur. Bredd 137 cm. Best\u00e4ll fr\u00e5n VA-Varuste.\" \/>\n<meta name=\"robots\" content=\"index, follow, max-snippet:-1, max-image-preview:large, max-video-preview:-1\" \/>\n<link rel=\"canonical\" href=\"https:\/\/va-varuste.fi\/tuote\/lienzo-black-kohokuvio-twl-9002\/\" \/>\n<meta property=\"og:locale\" content=\"sv_SE\" \/>\n<meta property=\"og:type\" content=\"article\" \/>\n<meta property=\"og:title\" content=\"Lienzo Black reliefm\u00f6nster TWL-9002 kl\u00e4dseltyg | VA-Varuste\" \/>\n<meta property=\"og:description\" content=\"Lienzo Black TWL-9002 reliefm\u00f6nstrat vinylkl\u00e4dseltyg med v\u00e4vd textur. Bredd 137 cm. Best\u00e4ll fr\u00e5n VA-Varuste.\" \/>\n<meta property=\"og:url\" content=\"https:\/\/va-varuste.fi\/tuote\/lienzo-black-kohokuvio-twl-9002\/\" \/>\n<meta property=\"og:site_name\" content=\"VA-Varuste\" \/>\n<meta property=\"article:publisher\" content=\"https:\/\/www.facebook.com\/vavarustefi\/\" \/>\n<meta property=\"article:modified_time\" content=\"2026-03-26T11:42:27+00:00\" \/>\n<meta property=\"og:image\" content=\"https:\/\/va-varuste.fi\/wp-content\/uploads\/2023\/10\/lienzo_black_twl-9001.jpg\" \/>\n\t<meta property=\"og:image:width\" content=\"950\" \/>\n\t<meta property=\"og:image:height\" content=\"950\" \/>\n\t<meta property=\"og:image:type\" content=\"image\/jpeg\" \/>\n<meta name=\"twitter:card\" content=\"summary_large_image\" \/>\n<script type=\"application\/ld+json\" class=\"yoast-schema-graph\">{\"@context\":\"https:\\\/\\\/schema.org\",\"@graph\":[{\"@type\":\"WebPage\",\"@id\":\"https:\\\/\\\/va-varuste.fi\\\/tuote\\\/lienzo-black-kohokuvio-twl-9002\\\/\",\"url\":\"https:\\\/\\\/va-varuste.fi\\\/tuote\\\/lienzo-black-kohokuvio-twl-9002\\\/\",\"name\":\"Lienzo Black reliefm\u00f6nster TWL-9002 kl\u00e4dseltyg | VA-Varuste\",\"isPartOf\":{\"@id\":\"https:\\\/\\\/va-varuste.fi\\\/#website\"},\"primaryImageOfPage\":{\"@id\":\"https:\\\/\\\/va-varuste.fi\\\/tuote\\\/lienzo-black-kohokuvio-twl-9002\\\/#primaryimage\"},\"image\":{\"@id\":\"https:\\\/\\\/va-varuste.fi\\\/tuote\\\/lienzo-black-kohokuvio-twl-9002\\\/#primaryimage\"},\"thumbnailUrl\":\"https:\\\/\\\/va-varuste.fi\\\/wp-content\\\/uploads\\\/2023\\\/10\\\/lienzo_black_twl-9001.jpg\",\"datePublished\":\"2023-10-25T06:28:32+00:00\",\"dateModified\":\"2026-03-26T11:42:27+00:00\",\"description\":\"Lienzo Black TWL-9002 reliefm\u00f6nstrat vinylkl\u00e4dseltyg med v\u00e4vd textur. Bredd 137 cm. Best\u00e4ll fr\u00e5n VA-Varuste.\",\"breadcrumb\":{\"@id\":\"https:\\\/\\\/va-varuste.fi\\\/tuote\\\/lienzo-black-kohokuvio-twl-9002\\\/#breadcrumb\"},\"inLanguage\":\"sv-SE\",\"potentialAction\":[{\"@type\":\"ReadAction\",\"target\":[\"https:\\\/\\\/va-varuste.fi\\\/tuote\\\/lienzo-black-kohokuvio-twl-9002\\\/\"]}]},{\"@type\":\"ImageObject\",\"inLanguage\":\"sv-SE\",\"@id\":\"https:\\\/\\\/va-varuste.fi\\\/tuote\\\/lienzo-black-kohokuvio-twl-9002\\\/#primaryimage\",\"url\":\"https:\\\/\\\/va-varuste.fi\\\/wp-content\\\/uploads\\\/2023\\\/10\\\/lienzo_black_twl-9001.jpg\",\"contentUrl\":\"https:\\\/\\\/va-varuste.fi\\\/wp-content\\\/uploads\\\/2023\\\/10\\\/lienzo_black_twl-9001.jpg\",\"width\":950,\"height\":950},{\"@type\":\"BreadcrumbList\",\"@id\":\"https:\\\/\\\/va-varuste.fi\\\/tuote\\\/lienzo-black-kohokuvio-twl-9002\\\/#breadcrumb\",\"itemListElement\":[{\"@type\":\"ListItem\",\"position\":1,\"name\":\"Etusivu\",\"item\":\"https:\\\/\\\/va-varuste.fi\\\/sv\\\/\"},{\"@type\":\"ListItem\",\"position\":2,\"name\":\"Webbutik\",\"item\":\"https:\\\/\\\/va-varuste.fi\\\/sv\\\/webbutik\\\/\"},{\"@type\":\"ListItem\",\"position\":3,\"name\":\"Lienzo Black reliefm\u00f6nster TWL-9002\"}]},{\"@type\":\"WebSite\",\"@id\":\"https:\\\/\\\/va-varuste.fi\\\/#website\",\"url\":\"https:\\\/\\\/va-varuste.fi\\\/\",\"name\":\"VA-Varuste\",\"description\":\"\",\"publisher\":{\"@id\":\"https:\\\/\\\/va-varuste.fi\\\/#organization\"},\"potentialAction\":[{\"@type\":\"SearchAction\",\"target\":{\"@type\":\"EntryPoint\",\"urlTemplate\":\"https:\\\/\\\/va-varuste.fi\\\/?s={search_term_string}\"},\"query-input\":{\"@type\":\"PropertyValueSpecification\",\"valueRequired\":true,\"valueName\":\"search_term_string\"}}],\"inLanguage\":\"sv-SE\"},{\"@type\":\"Organization\",\"@id\":\"https:\\\/\\\/va-varuste.fi\\\/#organization\",\"name\":\"VA-Varuste\",\"url\":\"https:\\\/\\\/va-varuste.fi\\\/\",\"logo\":{\"@type\":\"ImageObject\",\"inLanguage\":\"sv-SE\",\"@id\":\"https:\\\/\\\/va-varuste.fi\\\/#\\\/schema\\\/logo\\\/image\\\/\",\"url\":\"https:\\\/\\\/va-varuste.fi\\\/wp-content\\\/uploads\\\/2023\\\/09\\\/va-logo.svg\",\"contentUrl\":\"https:\\\/\\\/va-varuste.fi\\\/wp-content\\\/uploads\\\/2023\\\/09\\\/va-logo.svg\",\"caption\":\"VA-Varuste\"},\"image\":{\"@id\":\"https:\\\/\\\/va-varuste.fi\\\/#\\\/schema\\\/logo\\\/image\\\/\"},\"sameAs\":[\"https:\\\/\\\/www.facebook.com\\\/vavarustefi\\\/\",\"https:\\\/\\\/www.instagram.com\\\/vavaruste\\\/\"]}]}<\/script>\n<!-- \/ Yoast SEO plugin. -->","yoast_head_json":{"title":"Lienzo Black reliefm\u00f6nster TWL-9002 kl\u00e4dseltyg | VA-Varuste","description":"Lienzo Black TWL-9002 reliefm\u00f6nstrat vinylkl\u00e4dseltyg med v\u00e4vd textur. Bredd 137 cm. Best\u00e4ll fr\u00e5n VA-Varuste.","robots":{"index":"index","follow":"follow","max-snippet":"max-snippet:-1","max-image-preview":"max-image-preview:large","max-video-preview":"max-video-preview:-1"},"canonical":"https:\/\/va-varuste.fi\/tuote\/lienzo-black-kohokuvio-twl-9002\/","og_locale":"sv_SE","og_type":"article","og_title":"Lienzo Black reliefm\u00f6nster TWL-9002 kl\u00e4dseltyg | VA-Varuste","og_description":"Lienzo Black TWL-9002 reliefm\u00f6nstrat vinylkl\u00e4dseltyg med v\u00e4vd textur. Bredd 137 cm. Best\u00e4ll fr\u00e5n VA-Varuste.","og_url":"https:\/\/va-varuste.fi\/tuote\/lienzo-black-kohokuvio-twl-9002\/","og_site_name":"VA-Varuste","article_publisher":"https:\/\/www.facebook.com\/vavarustefi\/","article_modified_time":"2026-03-26T11:42:27+00:00","og_image":[{"width":950,"height":950,"url":"https:\/\/va-varuste.fi\/wp-content\/uploads\/2023\/10\/lienzo_black_twl-9001.jpg","type":"image\/jpeg"}],"twitter_card":"summary_large_image","schema":{"@context":"https:\/\/schema.org","@graph":[{"@type":"WebPage","@id":"https:\/\/va-varuste.fi\/tuote\/lienzo-black-kohokuvio-twl-9002\/","url":"https:\/\/va-varuste.fi\/tuote\/lienzo-black-kohokuvio-twl-9002\/","name":"Lienzo Black reliefm\u00f6nster TWL-9002 kl\u00e4dseltyg | VA-Varuste","isPartOf":{"@id":"https:\/\/va-varuste.fi\/#website"},"primaryImageOfPage":{"@id":"https:\/\/va-varuste.fi\/tuote\/lienzo-black-kohokuvio-twl-9002\/#primaryimage"},"image":{"@id":"https:\/\/va-varuste.fi\/tuote\/lienzo-black-kohokuvio-twl-9002\/#primaryimage"},"thumbnailUrl":"https:\/\/va-varuste.fi\/wp-content\/uploads\/2023\/10\/lienzo_black_twl-9001.jpg","datePublished":"2023-10-25T06:28:32+00:00","dateModified":"2026-03-26T11:42:27+00:00","description":"Lienzo Black TWL-9002 reliefm\u00f6nstrat vinylkl\u00e4dseltyg med v\u00e4vd textur. Bredd 137 cm. Best\u00e4ll fr\u00e5n VA-Varuste.","breadcrumb":{"@id":"https:\/\/va-varuste.fi\/tuote\/lienzo-black-kohokuvio-twl-9002\/#breadcrumb"},"inLanguage":"sv-SE","potentialAction":[{"@type":"ReadAction","target":["https:\/\/va-varuste.fi\/tuote\/lienzo-black-kohokuvio-twl-9002\/"]}]},{"@type":"ImageObject","inLanguage":"sv-SE","@id":"https:\/\/va-varuste.fi\/tuote\/lienzo-black-kohokuvio-twl-9002\/#primaryimage","url":"https:\/\/va-varuste.fi\/wp-content\/uploads\/2023\/10\/lienzo_black_twl-9001.jpg","contentUrl":"https:\/\/va-varuste.fi\/wp-content\/uploads\/2023\/10\/lienzo_black_twl-9001.jpg","width":950,"height":950},{"@type":"BreadcrumbList","@id":"https:\/\/va-varuste.fi\/tuote\/lienzo-black-kohokuvio-twl-9002\/#breadcrumb","itemListElement":[{"@type":"ListItem","position":1,"name":"Etusivu","item":"https:\/\/va-varuste.fi\/sv\/"},{"@type":"ListItem","position":2,"name":"Webbutik","item":"https:\/\/va-varuste.fi\/sv\/webbutik\/"},{"@type":"ListItem","position":3,"name":"Lienzo Black reliefm\u00f6nster TWL-9002"}]},{"@type":"WebSite","@id":"https:\/\/va-varuste.fi\/#website","url":"https:\/\/va-varuste.fi\/","name":"VA-Varuste","description":"","publisher":{"@id":"https:\/\/va-varuste.fi\/#organization"},"potentialAction":[{"@type":"SearchAction","target":{"@type":"EntryPoint","urlTemplate":"https:\/\/va-varuste.fi\/?s={search_term_string}"},"query-input":{"@type":"PropertyValueSpecification","valueRequired":true,"valueName":"search_term_string"}}],"inLanguage":"sv-SE"},{"@type":"Organization","@id":"https:\/\/va-varuste.fi\/#organization","name":"VA-Varuste","url":"https:\/\/va-varuste.fi\/","logo":{"@type":"ImageObject","inLanguage":"sv-SE","@id":"https:\/\/va-varuste.fi\/#\/schema\/logo\/image\/","url":"https:\/\/va-varuste.fi\/wp-content\/uploads\/2023\/09\/va-logo.svg","contentUrl":"https:\/\/va-varuste.fi\/wp-content\/uploads\/2023\/09\/va-logo.svg","caption":"VA-Varuste"},"image":{"@id":"https:\/\/va-varuste.fi\/#\/schema\/logo\/image\/"},"sameAs":["https:\/\/www.facebook.com\/vavarustefi\/","https:\/\/www.instagram.com\/vavaruste\/"]}]}},"_links":{"self":[{"href":"https:\/\/va-varuste.fi\/sv\/wp-json\/wp\/v2\/product\/234132","targetHints":{"allow":["GET"]}}],"collection":[{"href":"https:\/\/va-varuste.fi\/sv\/wp-json\/wp\/v2\/product"}],"about":[{"href":"https:\/\/va-varuste.fi\/sv\/wp-json\/wp\/v2\/types\/product"}],"wp:featuredmedia":[{"embeddable":true,"href":"https:\/\/va-varuste.fi\/sv\/wp-json\/wp\/v2\/media\/216623"}],"wp:attachment":[{"href":"https:\/\/va-varuste.fi\/sv\/wp-json\/wp\/v2\/media?parent=234132"}],"wp:term":[{"taxonomy":"product_brand","embeddable":true,"href":"https:\/\/va-varuste.fi\/sv\/wp-json\/wp\/v2\/product_brand?post=234132"},{"taxonomy":"product_cat","embeddable":true,"href":"https:\/\/va-varuste.fi\/sv\/wp-json\/wp\/v2\/product_cat?post=234132"},{"taxonomy":"product_tag","embeddable":true,"href":"https:\/\/va-varuste.fi\/sv\/wp-json\/wp\/v2\/product_tag?post=234132"}],"curies":[{"name":"wp","href":"https:\/\/api.w.org\/{rel}","templated":true}]}}