{"id":234139,"date":"2023-10-25T09:28:22","date_gmt":"2023-10-25T06:28:22","guid":{"rendered":"https:\/\/va-varuste.fi\/tuote\/satamapeittokangas-heavy\/"},"modified":"2026-03-26T13:42:36","modified_gmt":"2026-03-26T11:42:36","slug":"satamapeittokangas-heavy","status":"publish","type":"product","link":"https:\/\/va-varuste.fi\/sv\/produkt\/satamapeittokangas-heavy\/","title":{"rendered":"Hamnkapelltyg, Heavy"},"content":{"rendered":"<p>Hamnkapelltyg Heavy \u00e4r ett extremt h\u00e5llbart Nautex Oceanic 613 PVC-tyg f\u00f6r tillverkning av hamnkapell och skydds\u00f6verdrag f\u00f6r stora b\u00e5tar. Detta \u00e4r det tyngsta hamnkapelltyget i v\u00e5rt sortiment.<\/p>\n<p>Tyget \u00e4r 205 cm brett och v\u00e4ger 480 g\/m\u00b2 (DIN EN ISO 2286-2). Tjocklek 0,48 mm. Driftstemperatur -30 \u00b0C till +70 \u00b0C. Det exceptionellt breda tyget m\u00f6jligg\u00f6r tillverkning av \u00f6verdrag f\u00f6r \u00e4ven de st\u00f6rsta b\u00e5tarna med f\u00e4rre s\u00f6mmar.<\/p>\n<p>Nautex Oceanic 613 \u00e4r utformat f\u00f6r kr\u00e4vande marin- och utomhusanv\u00e4ndning. Tyget \u00e4r vattent\u00e4tt, UV-skyddat och t\u00e5l extrema v\u00e4derf\u00f6rh\u00e5llanden.<\/p>\n<p>S\u00e4rskilt l\u00e4mpat f\u00f6r tillverkning av \u00f6verdrag f\u00f6r stora motorb\u00e5tar, segelb\u00e5tar och kommersiella fartyg.<\/p>\n<p>S\u00e4ljs per meter. M\u00e5ttbest\u00e4llda produkter kan inte returneras eller bytas.<\/p>\n","protected":false},"excerpt":{"rendered":"<p>Hamnkapelltyg Heavy, Nautex Oceanic 613 PVC. 205 cm, 480 g\/m\u00b2, tjocklek 0,48 mm. Tyngsta hamnkapelltyget i v\u00e5rt sortiment. S\u00e4ljs per meter.<\/p>\n","protected":false},"featured_media":222454,"template":"","meta":[],"product_brand":[],"product_cat":[624,678],"product_tag":[],"class_list":{"0":"post-234139","1":"product","2":"type-product","3":"status-publish","4":"has-post-thumbnail","6":"product_cat-alla-produkter","7":"product_cat-hamnkapelltyger","9":"first","10":"instock","11":"taxable","12":"shipping-taxable","13":"purchasable","14":"product-type-simple"},"yoast_head":"<!-- This site is optimized with the Yoast SEO plugin v27.4 - https:\/\/yoast.com\/product\/yoast-seo-wordpress\/ -->\n<title>Hamnkapelltyg Heavy \u2013 Nautex Oceanic 613 PVC | VA-Varuste<\/title>\n<meta name=\"description\" content=\"Hamnkapelltyg Heavy, Nautex Oceanic 613 PVC. 205 cm, 480 g\/m\u00b2. Extremt h\u00e5llbart tyg f\u00f6r stora b\u00e5t\u00f6verdrag. Best\u00e4ll fr\u00e5n VA-Varuste.\" \/>\n<meta name=\"robots\" content=\"index, follow, max-snippet:-1, max-image-preview:large, max-video-preview:-1\" \/>\n<link rel=\"canonical\" href=\"https:\/\/va-varuste.fi\/tuote\/satamapeittokangas-heavy\/\" \/>\n<meta property=\"og:locale\" content=\"sv_SE\" \/>\n<meta property=\"og:type\" content=\"article\" \/>\n<meta property=\"og:title\" content=\"Hamnkapelltyg Heavy \u2013 Nautex Oceanic 613 PVC | VA-Varuste\" \/>\n<meta property=\"og:description\" content=\"Hamnkapelltyg Heavy, Nautex Oceanic 613 PVC. 205 cm, 480 g\/m\u00b2. Extremt h\u00e5llbart tyg f\u00f6r stora b\u00e5t\u00f6verdrag. Best\u00e4ll fr\u00e5n VA-Varuste.\" \/>\n<meta property=\"og:url\" content=\"https:\/\/va-varuste.fi\/tuote\/satamapeittokangas-heavy\/\" \/>\n<meta property=\"og:site_name\" content=\"VA-Varuste\" \/>\n<meta property=\"article:publisher\" content=\"https:\/\/www.facebook.com\/vavarustefi\/\" \/>\n<meta property=\"article:modified_time\" content=\"2026-03-26T11:42:36+00:00\" \/>\n<meta property=\"og:image\" content=\"https:\/\/va-varuste.fi\/wp-content\/uploads\/2023\/10\/vaaleanharmaa-1.jpg\" \/>\n\t<meta property=\"og:image:width\" content=\"1908\" \/>\n\t<meta property=\"og:image:height\" content=\"1908\" \/>\n\t<meta property=\"og:image:type\" content=\"image\/jpeg\" \/>\n<meta name=\"twitter:card\" content=\"summary_large_image\" \/>\n<meta name=\"twitter:label1\" content=\"Ber\u00e4knad l\u00e4stid\" \/>\n\t<meta name=\"twitter:data1\" content=\"1 minut\" \/>\n<script type=\"application\/ld+json\" class=\"yoast-schema-graph\">{\"@context\":\"https:\\\/\\\/schema.org\",\"@graph\":[{\"@type\":\"WebPage\",\"@id\":\"https:\\\/\\\/va-varuste.fi\\\/tuote\\\/satamapeittokangas-heavy\\\/\",\"url\":\"https:\\\/\\\/va-varuste.fi\\\/tuote\\\/satamapeittokangas-heavy\\\/\",\"name\":\"Hamnkapelltyg Heavy \u2013 Nautex Oceanic 613 PVC | VA-Varuste\",\"isPartOf\":{\"@id\":\"https:\\\/\\\/va-varuste.fi\\\/#website\"},\"primaryImageOfPage\":{\"@id\":\"https:\\\/\\\/va-varuste.fi\\\/tuote\\\/satamapeittokangas-heavy\\\/#primaryimage\"},\"image\":{\"@id\":\"https:\\\/\\\/va-varuste.fi\\\/tuote\\\/satamapeittokangas-heavy\\\/#primaryimage\"},\"thumbnailUrl\":\"https:\\\/\\\/va-varuste.fi\\\/wp-content\\\/uploads\\\/2023\\\/10\\\/vaaleanharmaa-1.jpg\",\"datePublished\":\"2023-10-25T06:28:22+00:00\",\"dateModified\":\"2026-03-26T11:42:36+00:00\",\"description\":\"Hamnkapelltyg Heavy, Nautex Oceanic 613 PVC. 205 cm, 480 g\\\/m\u00b2. Extremt h\u00e5llbart tyg f\u00f6r stora b\u00e5t\u00f6verdrag. Best\u00e4ll fr\u00e5n VA-Varuste.\",\"breadcrumb\":{\"@id\":\"https:\\\/\\\/va-varuste.fi\\\/tuote\\\/satamapeittokangas-heavy\\\/#breadcrumb\"},\"inLanguage\":\"sv-SE\",\"potentialAction\":[{\"@type\":\"ReadAction\",\"target\":[\"https:\\\/\\\/va-varuste.fi\\\/tuote\\\/satamapeittokangas-heavy\\\/\"]}]},{\"@type\":\"ImageObject\",\"inLanguage\":\"sv-SE\",\"@id\":\"https:\\\/\\\/va-varuste.fi\\\/tuote\\\/satamapeittokangas-heavy\\\/#primaryimage\",\"url\":\"https:\\\/\\\/va-varuste.fi\\\/wp-content\\\/uploads\\\/2023\\\/10\\\/vaaleanharmaa-1.jpg\",\"contentUrl\":\"https:\\\/\\\/va-varuste.fi\\\/wp-content\\\/uploads\\\/2023\\\/10\\\/vaaleanharmaa-1.jpg\",\"width\":1908,\"height\":1908},{\"@type\":\"BreadcrumbList\",\"@id\":\"https:\\\/\\\/va-varuste.fi\\\/tuote\\\/satamapeittokangas-heavy\\\/#breadcrumb\",\"itemListElement\":[{\"@type\":\"ListItem\",\"position\":1,\"name\":\"Etusivu\",\"item\":\"https:\\\/\\\/va-varuste.fi\\\/sv\\\/\"},{\"@type\":\"ListItem\",\"position\":2,\"name\":\"Webbutik\",\"item\":\"https:\\\/\\\/va-varuste.fi\\\/sv\\\/webbutik\\\/\"},{\"@type\":\"ListItem\",\"position\":3,\"name\":\"Hamnkapelltyg, Heavy\"}]},{\"@type\":\"WebSite\",\"@id\":\"https:\\\/\\\/va-varuste.fi\\\/#website\",\"url\":\"https:\\\/\\\/va-varuste.fi\\\/\",\"name\":\"VA-Varuste\",\"description\":\"\",\"publisher\":{\"@id\":\"https:\\\/\\\/va-varuste.fi\\\/#organization\"},\"potentialAction\":[{\"@type\":\"SearchAction\",\"target\":{\"@type\":\"EntryPoint\",\"urlTemplate\":\"https:\\\/\\\/va-varuste.fi\\\/?s={search_term_string}\"},\"query-input\":{\"@type\":\"PropertyValueSpecification\",\"valueRequired\":true,\"valueName\":\"search_term_string\"}}],\"inLanguage\":\"sv-SE\"},{\"@type\":\"Organization\",\"@id\":\"https:\\\/\\\/va-varuste.fi\\\/#organization\",\"name\":\"VA-Varuste\",\"url\":\"https:\\\/\\\/va-varuste.fi\\\/\",\"logo\":{\"@type\":\"ImageObject\",\"inLanguage\":\"sv-SE\",\"@id\":\"https:\\\/\\\/va-varuste.fi\\\/#\\\/schema\\\/logo\\\/image\\\/\",\"url\":\"https:\\\/\\\/va-varuste.fi\\\/wp-content\\\/uploads\\\/2023\\\/09\\\/va-logo.svg\",\"contentUrl\":\"https:\\\/\\\/va-varuste.fi\\\/wp-content\\\/uploads\\\/2023\\\/09\\\/va-logo.svg\",\"caption\":\"VA-Varuste\"},\"image\":{\"@id\":\"https:\\\/\\\/va-varuste.fi\\\/#\\\/schema\\\/logo\\\/image\\\/\"},\"sameAs\":[\"https:\\\/\\\/www.facebook.com\\\/vavarustefi\\\/\",\"https:\\\/\\\/www.instagram.com\\\/vavaruste\\\/\"]}]}<\/script>\n<!-- \/ Yoast SEO plugin. -->","yoast_head_json":{"title":"Hamnkapelltyg Heavy \u2013 Nautex Oceanic 613 PVC | VA-Varuste","description":"Hamnkapelltyg Heavy, Nautex Oceanic 613 PVC. 205 cm, 480 g\/m\u00b2. Extremt h\u00e5llbart tyg f\u00f6r stora b\u00e5t\u00f6verdrag. Best\u00e4ll fr\u00e5n VA-Varuste.","robots":{"index":"index","follow":"follow","max-snippet":"max-snippet:-1","max-image-preview":"max-image-preview:large","max-video-preview":"max-video-preview:-1"},"canonical":"https:\/\/va-varuste.fi\/tuote\/satamapeittokangas-heavy\/","og_locale":"sv_SE","og_type":"article","og_title":"Hamnkapelltyg Heavy \u2013 Nautex Oceanic 613 PVC | VA-Varuste","og_description":"Hamnkapelltyg Heavy, Nautex Oceanic 613 PVC. 205 cm, 480 g\/m\u00b2. Extremt h\u00e5llbart tyg f\u00f6r stora b\u00e5t\u00f6verdrag. Best\u00e4ll fr\u00e5n VA-Varuste.","og_url":"https:\/\/va-varuste.fi\/tuote\/satamapeittokangas-heavy\/","og_site_name":"VA-Varuste","article_publisher":"https:\/\/www.facebook.com\/vavarustefi\/","article_modified_time":"2026-03-26T11:42:36+00:00","og_image":[{"width":1908,"height":1908,"url":"https:\/\/va-varuste.fi\/wp-content\/uploads\/2023\/10\/vaaleanharmaa-1.jpg","type":"image\/jpeg"}],"twitter_card":"summary_large_image","twitter_misc":{"Ber\u00e4knad l\u00e4stid":"1 minut"},"schema":{"@context":"https:\/\/schema.org","@graph":[{"@type":"WebPage","@id":"https:\/\/va-varuste.fi\/tuote\/satamapeittokangas-heavy\/","url":"https:\/\/va-varuste.fi\/tuote\/satamapeittokangas-heavy\/","name":"Hamnkapelltyg Heavy \u2013 Nautex Oceanic 613 PVC | VA-Varuste","isPartOf":{"@id":"https:\/\/va-varuste.fi\/#website"},"primaryImageOfPage":{"@id":"https:\/\/va-varuste.fi\/tuote\/satamapeittokangas-heavy\/#primaryimage"},"image":{"@id":"https:\/\/va-varuste.fi\/tuote\/satamapeittokangas-heavy\/#primaryimage"},"thumbnailUrl":"https:\/\/va-varuste.fi\/wp-content\/uploads\/2023\/10\/vaaleanharmaa-1.jpg","datePublished":"2023-10-25T06:28:22+00:00","dateModified":"2026-03-26T11:42:36+00:00","description":"Hamnkapelltyg Heavy, Nautex Oceanic 613 PVC. 205 cm, 480 g\/m\u00b2. Extremt h\u00e5llbart tyg f\u00f6r stora b\u00e5t\u00f6verdrag. Best\u00e4ll fr\u00e5n VA-Varuste.","breadcrumb":{"@id":"https:\/\/va-varuste.fi\/tuote\/satamapeittokangas-heavy\/#breadcrumb"},"inLanguage":"sv-SE","potentialAction":[{"@type":"ReadAction","target":["https:\/\/va-varuste.fi\/tuote\/satamapeittokangas-heavy\/"]}]},{"@type":"ImageObject","inLanguage":"sv-SE","@id":"https:\/\/va-varuste.fi\/tuote\/satamapeittokangas-heavy\/#primaryimage","url":"https:\/\/va-varuste.fi\/wp-content\/uploads\/2023\/10\/vaaleanharmaa-1.jpg","contentUrl":"https:\/\/va-varuste.fi\/wp-content\/uploads\/2023\/10\/vaaleanharmaa-1.jpg","width":1908,"height":1908},{"@type":"BreadcrumbList","@id":"https:\/\/va-varuste.fi\/tuote\/satamapeittokangas-heavy\/#breadcrumb","itemListElement":[{"@type":"ListItem","position":1,"name":"Etusivu","item":"https:\/\/va-varuste.fi\/sv\/"},{"@type":"ListItem","position":2,"name":"Webbutik","item":"https:\/\/va-varuste.fi\/sv\/webbutik\/"},{"@type":"ListItem","position":3,"name":"Hamnkapelltyg, Heavy"}]},{"@type":"WebSite","@id":"https:\/\/va-varuste.fi\/#website","url":"https:\/\/va-varuste.fi\/","name":"VA-Varuste","description":"","publisher":{"@id":"https:\/\/va-varuste.fi\/#organization"},"potentialAction":[{"@type":"SearchAction","target":{"@type":"EntryPoint","urlTemplate":"https:\/\/va-varuste.fi\/?s={search_term_string}"},"query-input":{"@type":"PropertyValueSpecification","valueRequired":true,"valueName":"search_term_string"}}],"inLanguage":"sv-SE"},{"@type":"Organization","@id":"https:\/\/va-varuste.fi\/#organization","name":"VA-Varuste","url":"https:\/\/va-varuste.fi\/","logo":{"@type":"ImageObject","inLanguage":"sv-SE","@id":"https:\/\/va-varuste.fi\/#\/schema\/logo\/image\/","url":"https:\/\/va-varuste.fi\/wp-content\/uploads\/2023\/09\/va-logo.svg","contentUrl":"https:\/\/va-varuste.fi\/wp-content\/uploads\/2023\/09\/va-logo.svg","caption":"VA-Varuste"},"image":{"@id":"https:\/\/va-varuste.fi\/#\/schema\/logo\/image\/"},"sameAs":["https:\/\/www.facebook.com\/vavarustefi\/","https:\/\/www.instagram.com\/vavaruste\/"]}]}},"_links":{"self":[{"href":"https:\/\/va-varuste.fi\/sv\/wp-json\/wp\/v2\/product\/234139","targetHints":{"allow":["GET"]}}],"collection":[{"href":"https:\/\/va-varuste.fi\/sv\/wp-json\/wp\/v2\/product"}],"about":[{"href":"https:\/\/va-varuste.fi\/sv\/wp-json\/wp\/v2\/types\/product"}],"wp:featuredmedia":[{"embeddable":true,"href":"https:\/\/va-varuste.fi\/sv\/wp-json\/wp\/v2\/media\/222454"}],"wp:attachment":[{"href":"https:\/\/va-varuste.fi\/sv\/wp-json\/wp\/v2\/media?parent=234139"}],"wp:term":[{"taxonomy":"product_brand","embeddable":true,"href":"https:\/\/va-varuste.fi\/sv\/wp-json\/wp\/v2\/product_brand?post=234139"},{"taxonomy":"product_cat","embeddable":true,"href":"https:\/\/va-varuste.fi\/sv\/wp-json\/wp\/v2\/product_cat?post=234139"},{"taxonomy":"product_tag","embeddable":true,"href":"https:\/\/va-varuste.fi\/sv\/wp-json\/wp\/v2\/product_tag?post=234139"}],"curies":[{"name":"wp","href":"https:\/\/api.w.org\/{rel}","templated":true}]}}