{"id":234147,"date":"2023-10-25T09:28:13","date_gmt":"2023-10-25T06:28:13","guid":{"rendered":"https:\/\/va-varuste.fi\/tuote\/5470-ruskea\/"},"modified":"2026-03-25T15:39:12","modified_gmt":"2026-03-25T13:39:12","slug":"5470-ruskea","status":"publish","type":"product","link":"https:\/\/va-varuste.fi\/sv\/produkt\/5470-ruskea\/","title":{"rendered":"5470 Brun"},"content":{"rendered":"<p>Sunbrella Plus 5470 Brun \u00e4r ett h\u00f6gkvalitativt akrylv\u00e4vt tyg avsett f\u00f6r kr\u00e4vande utomhusanv\u00e4ndning. Tyget \u00e4r 152 cm brett och v\u00e4ger 320 g\/m\u00b2.<\/p>\n<p>Sunbrella Plus-tyget har en PU-bel\u00e4ggning som ger en vattenpelare p\u00e5 \u00f6ver 1000 mm. UV-best\u00e4ndigheten \u00e4r utm\u00e4rkt, 7\u20138\/8, vilket inneb\u00e4r att f\u00e4rgen bevaras \u00e5r efter \u00e5r.<\/p>\n<p>Passar f\u00f6r tillverkning och reparation av b\u00e5tkapell, \u00f6verdrag och soltak. Den bruna f\u00e4rgen l\u00e4mpar sig s\u00e4rskilt v\u00e4l f\u00f6r tr\u00e4b\u00e5tar och klassiska b\u00e5tkapell.<\/p>\n<p>S\u00e4ljs per meter. M\u00e5ttbest\u00e4llda produkter kan inte returneras eller bytas.<\/p>\n","protected":false},"excerpt":{"rendered":"<p>Sunbrella Plus 5470 Brun akrylv\u00e4vt tyg. 152 cm, 320 g\/m\u00b2, vattenpelare >1000 mm, UV 7\u20138\/8. S\u00e4ljs per meter.<\/p>\n","protected":false},"featured_media":0,"template":"","meta":[],"product_brand":[],"product_cat":[624,667],"product_tag":[],"class_list":{"0":"post-234147","1":"product","2":"type-product","3":"status-publish","5":"product_cat-alla-produkter","6":"product_cat-battillbehor","8":"first","9":"instock","10":"taxable","11":"shipping-taxable","12":"purchasable","13":"product-type-simple"},"yoast_head":"<!-- This site is optimized with the Yoast SEO plugin v27.2 - https:\/\/yoast.com\/product\/yoast-seo-wordpress\/ -->\n<title>Sunbrella Plus 5470 Brun tyg | VA-Varuste<\/title>\n<meta name=\"description\" content=\"Sunbrella Plus 5470 Brun akrylv\u00e4vt tyg. 152 cm brett, 320 g\/m\u00b2, vattenpelare \u00f6ver 1000 mm, UV 7\u20138\/8. Best\u00e4ll per meter fr\u00e5n VA-Varuste.\" \/>\n<meta name=\"robots\" content=\"index, follow, max-snippet:-1, max-image-preview:large, max-video-preview:-1\" \/>\n<link rel=\"canonical\" href=\"https:\/\/va-varuste.fi\/tuote\/5470-ruskea\/\" \/>\n<meta property=\"og:locale\" content=\"sv_SE\" \/>\n<meta property=\"og:type\" content=\"article\" \/>\n<meta property=\"og:title\" content=\"Sunbrella Plus 5470 Brun tyg | VA-Varuste\" \/>\n<meta property=\"og:description\" content=\"Sunbrella Plus 5470 Brun akrylv\u00e4vt tyg. 152 cm brett, 320 g\/m\u00b2, vattenpelare \u00f6ver 1000 mm, UV 7\u20138\/8. Best\u00e4ll per meter fr\u00e5n VA-Varuste.\" \/>\n<meta property=\"og:url\" content=\"https:\/\/va-varuste.fi\/tuote\/5470-ruskea\/\" \/>\n<meta property=\"og:site_name\" content=\"VA-Varuste\" \/>\n<meta property=\"article:publisher\" content=\"https:\/\/www.facebook.com\/vavarustefi\/\" \/>\n<meta property=\"article:modified_time\" content=\"2026-03-25T13:39:12+00:00\" \/>\n<meta name=\"twitter:card\" content=\"summary_large_image\" \/>\n<script type=\"application\/ld+json\" class=\"yoast-schema-graph\">{\"@context\":\"https:\/\/schema.org\",\"@graph\":[{\"@type\":\"WebPage\",\"@id\":\"https:\/\/va-varuste.fi\/tuote\/5470-ruskea\/\",\"url\":\"https:\/\/va-varuste.fi\/tuote\/5470-ruskea\/\",\"name\":\"Sunbrella Plus 5470 Brun tyg | VA-Varuste\",\"isPartOf\":{\"@id\":\"https:\/\/va-varuste.fi\/#website\"},\"datePublished\":\"2023-10-25T06:28:13+00:00\",\"dateModified\":\"2026-03-25T13:39:12+00:00\",\"description\":\"Sunbrella Plus 5470 Brun akrylv\u00e4vt tyg. 152 cm brett, 320 g\/m\u00b2, vattenpelare \u00f6ver 1000 mm, UV 7\u20138\/8. Best\u00e4ll per meter fr\u00e5n VA-Varuste.\",\"breadcrumb\":{\"@id\":\"https:\/\/va-varuste.fi\/tuote\/5470-ruskea\/#breadcrumb\"},\"inLanguage\":\"sv-SE\",\"potentialAction\":[{\"@type\":\"ReadAction\",\"target\":[\"https:\/\/va-varuste.fi\/tuote\/5470-ruskea\/\"]}]},{\"@type\":\"BreadcrumbList\",\"@id\":\"https:\/\/va-varuste.fi\/tuote\/5470-ruskea\/#breadcrumb\",\"itemListElement\":[{\"@type\":\"ListItem\",\"position\":1,\"name\":\"Etusivu\",\"item\":\"https:\/\/va-varuste.fi\/sv\/\"},{\"@type\":\"ListItem\",\"position\":2,\"name\":\"Webbutik\",\"item\":\"https:\/\/va-varuste.fi\/sv\/webbutik\/\"},{\"@type\":\"ListItem\",\"position\":3,\"name\":\"5470 Brun\"}]},{\"@type\":\"WebSite\",\"@id\":\"https:\/\/va-varuste.fi\/#website\",\"url\":\"https:\/\/va-varuste.fi\/\",\"name\":\"VA-Varuste\",\"description\":\"\",\"publisher\":{\"@id\":\"https:\/\/va-varuste.fi\/#organization\"},\"potentialAction\":[{\"@type\":\"SearchAction\",\"target\":{\"@type\":\"EntryPoint\",\"urlTemplate\":\"https:\/\/va-varuste.fi\/?s={search_term_string}\"},\"query-input\":{\"@type\":\"PropertyValueSpecification\",\"valueRequired\":true,\"valueName\":\"search_term_string\"}}],\"inLanguage\":\"sv-SE\"},{\"@type\":\"Organization\",\"@id\":\"https:\/\/va-varuste.fi\/#organization\",\"name\":\"VA-Varuste\",\"url\":\"https:\/\/va-varuste.fi\/\",\"logo\":{\"@type\":\"ImageObject\",\"inLanguage\":\"sv-SE\",\"@id\":\"https:\/\/va-varuste.fi\/#\/schema\/logo\/image\/\",\"url\":\"https:\/\/va-varuste.fi\/wp-content\/uploads\/2023\/09\/va-logo.svg\",\"contentUrl\":\"https:\/\/va-varuste.fi\/wp-content\/uploads\/2023\/09\/va-logo.svg\",\"caption\":\"VA-Varuste\"},\"image\":{\"@id\":\"https:\/\/va-varuste.fi\/#\/schema\/logo\/image\/\"},\"sameAs\":[\"https:\/\/www.facebook.com\/vavarustefi\/\",\"https:\/\/www.instagram.com\/vavaruste\/\"]}]}<\/script>\n<!-- \/ Yoast SEO plugin. -->","yoast_head_json":{"title":"Sunbrella Plus 5470 Brun tyg | VA-Varuste","description":"Sunbrella Plus 5470 Brun akrylv\u00e4vt tyg. 152 cm brett, 320 g\/m\u00b2, vattenpelare \u00f6ver 1000 mm, UV 7\u20138\/8. Best\u00e4ll per meter fr\u00e5n VA-Varuste.","robots":{"index":"index","follow":"follow","max-snippet":"max-snippet:-1","max-image-preview":"max-image-preview:large","max-video-preview":"max-video-preview:-1"},"canonical":"https:\/\/va-varuste.fi\/tuote\/5470-ruskea\/","og_locale":"sv_SE","og_type":"article","og_title":"Sunbrella Plus 5470 Brun tyg | VA-Varuste","og_description":"Sunbrella Plus 5470 Brun akrylv\u00e4vt tyg. 152 cm brett, 320 g\/m\u00b2, vattenpelare \u00f6ver 1000 mm, UV 7\u20138\/8. Best\u00e4ll per meter fr\u00e5n VA-Varuste.","og_url":"https:\/\/va-varuste.fi\/tuote\/5470-ruskea\/","og_site_name":"VA-Varuste","article_publisher":"https:\/\/www.facebook.com\/vavarustefi\/","article_modified_time":"2026-03-25T13:39:12+00:00","twitter_card":"summary_large_image","schema":{"@context":"https:\/\/schema.org","@graph":[{"@type":"WebPage","@id":"https:\/\/va-varuste.fi\/tuote\/5470-ruskea\/","url":"https:\/\/va-varuste.fi\/tuote\/5470-ruskea\/","name":"Sunbrella Plus 5470 Brun tyg | VA-Varuste","isPartOf":{"@id":"https:\/\/va-varuste.fi\/#website"},"datePublished":"2023-10-25T06:28:13+00:00","dateModified":"2026-03-25T13:39:12+00:00","description":"Sunbrella Plus 5470 Brun akrylv\u00e4vt tyg. 152 cm brett, 320 g\/m\u00b2, vattenpelare \u00f6ver 1000 mm, UV 7\u20138\/8. Best\u00e4ll per meter fr\u00e5n VA-Varuste.","breadcrumb":{"@id":"https:\/\/va-varuste.fi\/tuote\/5470-ruskea\/#breadcrumb"},"inLanguage":"sv-SE","potentialAction":[{"@type":"ReadAction","target":["https:\/\/va-varuste.fi\/tuote\/5470-ruskea\/"]}]},{"@type":"BreadcrumbList","@id":"https:\/\/va-varuste.fi\/tuote\/5470-ruskea\/#breadcrumb","itemListElement":[{"@type":"ListItem","position":1,"name":"Etusivu","item":"https:\/\/va-varuste.fi\/sv\/"},{"@type":"ListItem","position":2,"name":"Webbutik","item":"https:\/\/va-varuste.fi\/sv\/webbutik\/"},{"@type":"ListItem","position":3,"name":"5470 Brun"}]},{"@type":"WebSite","@id":"https:\/\/va-varuste.fi\/#website","url":"https:\/\/va-varuste.fi\/","name":"VA-Varuste","description":"","publisher":{"@id":"https:\/\/va-varuste.fi\/#organization"},"potentialAction":[{"@type":"SearchAction","target":{"@type":"EntryPoint","urlTemplate":"https:\/\/va-varuste.fi\/?s={search_term_string}"},"query-input":{"@type":"PropertyValueSpecification","valueRequired":true,"valueName":"search_term_string"}}],"inLanguage":"sv-SE"},{"@type":"Organization","@id":"https:\/\/va-varuste.fi\/#organization","name":"VA-Varuste","url":"https:\/\/va-varuste.fi\/","logo":{"@type":"ImageObject","inLanguage":"sv-SE","@id":"https:\/\/va-varuste.fi\/#\/schema\/logo\/image\/","url":"https:\/\/va-varuste.fi\/wp-content\/uploads\/2023\/09\/va-logo.svg","contentUrl":"https:\/\/va-varuste.fi\/wp-content\/uploads\/2023\/09\/va-logo.svg","caption":"VA-Varuste"},"image":{"@id":"https:\/\/va-varuste.fi\/#\/schema\/logo\/image\/"},"sameAs":["https:\/\/www.facebook.com\/vavarustefi\/","https:\/\/www.instagram.com\/vavaruste\/"]}]}},"_links":{"self":[{"href":"https:\/\/va-varuste.fi\/sv\/wp-json\/wp\/v2\/product\/234147","targetHints":{"allow":["GET"]}}],"collection":[{"href":"https:\/\/va-varuste.fi\/sv\/wp-json\/wp\/v2\/product"}],"about":[{"href":"https:\/\/va-varuste.fi\/sv\/wp-json\/wp\/v2\/types\/product"}],"wp:attachment":[{"href":"https:\/\/va-varuste.fi\/sv\/wp-json\/wp\/v2\/media?parent=234147"}],"wp:term":[{"taxonomy":"product_brand","embeddable":true,"href":"https:\/\/va-varuste.fi\/sv\/wp-json\/wp\/v2\/product_brand?post=234147"},{"taxonomy":"product_cat","embeddable":true,"href":"https:\/\/va-varuste.fi\/sv\/wp-json\/wp\/v2\/product_cat?post=234147"},{"taxonomy":"product_tag","embeddable":true,"href":"https:\/\/va-varuste.fi\/sv\/wp-json\/wp\/v2\/product_tag?post=234147"}],"curies":[{"name":"wp","href":"https:\/\/api.w.org\/{rel}","templated":true}]}}