{"id":234165,"date":"2023-10-25T09:27:24","date_gmt":"2023-10-25T06:27:24","guid":{"rendered":"https:\/\/va-varuste.fi\/tuote\/avattava-kaidehela-rst\/"},"modified":"2026-03-25T11:24:15","modified_gmt":"2026-03-25T09:24:15","slug":"avattava-kaidehela-rst","status":"publish","type":"product","link":"https:\/\/va-varuste.fi\/sv\/produkt\/avattava-kaidehela-rst\/","title":{"rendered":"Mellanbeslag som kan \u00f6ppnas, rostfritt st\u00e5l"},"content":{"rendered":"<p>Mellanbeslag som kan \u00f6ppnas, tillverkat i rostfritt st\u00e5l, \u00e4r en m\u00e5ngsidig monteringsdel f\u00f6r installation av b\u00e5tkapell och bimini. Beslaget kan anv\u00e4ndas f\u00f6r att montera kapellb\u00e5gar eller st\u00f6dst\u00e4nger p\u00e5 b\u00e5tens r\u00f6rstrukturer, som relingen och vindrutaramen.<\/p>\n<p>Den \u00f6ppningsbara konstruktionen g\u00f6r att beslaget kan f\u00e4stas och tas bort utan att tr\u00e4 det \u00f6ver r\u00f6rets \u00e4nde. Beslaget fungerar \u00e4ven som mellanbeslag p\u00e5 kapellb\u00e5gar. Tillverkat av h\u00f6gkvalitativt rostfritt st\u00e5l (AISI 316) som t\u00e5l kr\u00e4vande marina f\u00f6rh\u00e5llanden.<\/p>\n<p>Finns f\u00f6r 20 mm, 22 mm och 25 mm r\u00f6rstorlekar.<\/p>\n","protected":false},"excerpt":{"rendered":"<p>Mellanbeslag som kan \u00f6ppnas i rostfritt st\u00e5l f\u00f6r montering av kapellb\u00e5gar och st\u00f6dst\u00e4nger p\u00e5 b\u00e5trelingen. Fungerar \u00e4ven som mellanbeslag.<\/p>\n","protected":false},"featured_media":216124,"template":"","meta":[],"product_brand":[],"product_cat":[624,628],"product_tag":[1306],"class_list":{"0":"post-234165","1":"product","2":"type-product","3":"status-publish","4":"has-post-thumbnail","6":"product_cat-alla-produkter","7":"product_cat-monterings-och-bagrorbeslag","8":"product_tag-otsikko","10":"first","11":"instock","12":"taxable","13":"shipping-taxable","14":"purchasable","15":"product-type-variable"},"yoast_head":"<!-- This site is optimized with the Yoast SEO plugin v27.4 - https:\/\/yoast.com\/product\/yoast-seo-wordpress\/ -->\n<title>Mellanbeslag som kan \u00f6ppnas RST | VA-Varuste<\/title>\n<meta name=\"description\" content=\"Mellanbeslag som kan \u00f6ppnas i rostfritt st\u00e5l f\u00f6r montering av kapellb\u00e5gar och st\u00f6dst\u00e4nger p\u00e5 b\u00e5trelingen. Best\u00e4ll fr\u00e5n VA-Varuste.\" \/>\n<meta name=\"robots\" content=\"index, follow, max-snippet:-1, max-image-preview:large, max-video-preview:-1\" \/>\n<link rel=\"canonical\" href=\"https:\/\/va-varuste.fi\/tuote\/avattava-kaidehela-rst\/\" \/>\n<meta property=\"og:locale\" content=\"sv_SE\" \/>\n<meta property=\"og:type\" content=\"article\" \/>\n<meta property=\"og:title\" content=\"Mellanbeslag som kan \u00f6ppnas RST | VA-Varuste\" \/>\n<meta property=\"og:description\" content=\"Mellanbeslag som kan \u00f6ppnas i rostfritt st\u00e5l f\u00f6r montering av kapellb\u00e5gar och st\u00f6dst\u00e4nger p\u00e5 b\u00e5trelingen. Best\u00e4ll fr\u00e5n VA-Varuste.\" \/>\n<meta property=\"og:url\" content=\"https:\/\/va-varuste.fi\/tuote\/avattava-kaidehela-rst\/\" \/>\n<meta property=\"og:site_name\" content=\"VA-Varuste\" \/>\n<meta property=\"article:publisher\" content=\"https:\/\/www.facebook.com\/vavarustefi\/\" \/>\n<meta property=\"article:modified_time\" content=\"2026-03-25T09:24:15+00:00\" \/>\n<meta property=\"og:image\" content=\"https:\/\/va-varuste.fi\/wp-content\/uploads\/2023\/10\/avattava-kaidehela-rst-30-mm.jpg\" \/>\n\t<meta property=\"og:image:width\" content=\"1908\" \/>\n\t<meta property=\"og:image:height\" content=\"1908\" \/>\n\t<meta property=\"og:image:type\" content=\"image\/jpeg\" \/>\n<meta name=\"twitter:card\" content=\"summary_large_image\" \/>\n<meta name=\"twitter:label1\" content=\"Ber\u00e4knad l\u00e4stid\" \/>\n\t<meta name=\"twitter:data1\" content=\"1 minut\" \/>\n<script type=\"application\/ld+json\" class=\"yoast-schema-graph\">{\"@context\":\"https:\\\/\\\/schema.org\",\"@graph\":[{\"@type\":\"WebPage\",\"@id\":\"https:\\\/\\\/va-varuste.fi\\\/tuote\\\/avattava-kaidehela-rst\\\/\",\"url\":\"https:\\\/\\\/va-varuste.fi\\\/tuote\\\/avattava-kaidehela-rst\\\/\",\"name\":\"Mellanbeslag som kan \u00f6ppnas RST | VA-Varuste\",\"isPartOf\":{\"@id\":\"https:\\\/\\\/va-varuste.fi\\\/#website\"},\"primaryImageOfPage\":{\"@id\":\"https:\\\/\\\/va-varuste.fi\\\/tuote\\\/avattava-kaidehela-rst\\\/#primaryimage\"},\"image\":{\"@id\":\"https:\\\/\\\/va-varuste.fi\\\/tuote\\\/avattava-kaidehela-rst\\\/#primaryimage\"},\"thumbnailUrl\":\"https:\\\/\\\/va-varuste.fi\\\/wp-content\\\/uploads\\\/2023\\\/10\\\/avattava-kaidehela-rst-30-mm.jpg\",\"datePublished\":\"2023-10-25T06:27:24+00:00\",\"dateModified\":\"2026-03-25T09:24:15+00:00\",\"description\":\"Mellanbeslag som kan \u00f6ppnas i rostfritt st\u00e5l f\u00f6r montering av kapellb\u00e5gar och st\u00f6dst\u00e4nger p\u00e5 b\u00e5trelingen. Best\u00e4ll fr\u00e5n VA-Varuste.\",\"breadcrumb\":{\"@id\":\"https:\\\/\\\/va-varuste.fi\\\/tuote\\\/avattava-kaidehela-rst\\\/#breadcrumb\"},\"inLanguage\":\"sv-SE\",\"potentialAction\":[{\"@type\":\"ReadAction\",\"target\":[\"https:\\\/\\\/va-varuste.fi\\\/tuote\\\/avattava-kaidehela-rst\\\/\"]}]},{\"@type\":\"ImageObject\",\"inLanguage\":\"sv-SE\",\"@id\":\"https:\\\/\\\/va-varuste.fi\\\/tuote\\\/avattava-kaidehela-rst\\\/#primaryimage\",\"url\":\"https:\\\/\\\/va-varuste.fi\\\/wp-content\\\/uploads\\\/2023\\\/10\\\/avattava-kaidehela-rst-30-mm.jpg\",\"contentUrl\":\"https:\\\/\\\/va-varuste.fi\\\/wp-content\\\/uploads\\\/2023\\\/10\\\/avattava-kaidehela-rst-30-mm.jpg\",\"width\":1908,\"height\":1908},{\"@type\":\"BreadcrumbList\",\"@id\":\"https:\\\/\\\/va-varuste.fi\\\/tuote\\\/avattava-kaidehela-rst\\\/#breadcrumb\",\"itemListElement\":[{\"@type\":\"ListItem\",\"position\":1,\"name\":\"Etusivu\",\"item\":\"https:\\\/\\\/va-varuste.fi\\\/sv\\\/\"},{\"@type\":\"ListItem\",\"position\":2,\"name\":\"Webbutik\",\"item\":\"https:\\\/\\\/va-varuste.fi\\\/sv\\\/webbutik\\\/\"},{\"@type\":\"ListItem\",\"position\":3,\"name\":\"Mellanbeslag som kan \u00f6ppnas, rostfritt st\u00e5l\"}]},{\"@type\":\"WebSite\",\"@id\":\"https:\\\/\\\/va-varuste.fi\\\/#website\",\"url\":\"https:\\\/\\\/va-varuste.fi\\\/\",\"name\":\"VA-Varuste\",\"description\":\"\",\"publisher\":{\"@id\":\"https:\\\/\\\/va-varuste.fi\\\/#organization\"},\"potentialAction\":[{\"@type\":\"SearchAction\",\"target\":{\"@type\":\"EntryPoint\",\"urlTemplate\":\"https:\\\/\\\/va-varuste.fi\\\/?s={search_term_string}\"},\"query-input\":{\"@type\":\"PropertyValueSpecification\",\"valueRequired\":true,\"valueName\":\"search_term_string\"}}],\"inLanguage\":\"sv-SE\"},{\"@type\":\"Organization\",\"@id\":\"https:\\\/\\\/va-varuste.fi\\\/#organization\",\"name\":\"VA-Varuste\",\"url\":\"https:\\\/\\\/va-varuste.fi\\\/\",\"logo\":{\"@type\":\"ImageObject\",\"inLanguage\":\"sv-SE\",\"@id\":\"https:\\\/\\\/va-varuste.fi\\\/#\\\/schema\\\/logo\\\/image\\\/\",\"url\":\"https:\\\/\\\/va-varuste.fi\\\/wp-content\\\/uploads\\\/2023\\\/09\\\/va-logo.svg\",\"contentUrl\":\"https:\\\/\\\/va-varuste.fi\\\/wp-content\\\/uploads\\\/2023\\\/09\\\/va-logo.svg\",\"caption\":\"VA-Varuste\"},\"image\":{\"@id\":\"https:\\\/\\\/va-varuste.fi\\\/#\\\/schema\\\/logo\\\/image\\\/\"},\"sameAs\":[\"https:\\\/\\\/www.facebook.com\\\/vavarustefi\\\/\",\"https:\\\/\\\/www.instagram.com\\\/vavaruste\\\/\"]}]}<\/script>\n<!-- \/ Yoast SEO plugin. -->","yoast_head_json":{"title":"Mellanbeslag som kan \u00f6ppnas RST | VA-Varuste","description":"Mellanbeslag som kan \u00f6ppnas i rostfritt st\u00e5l f\u00f6r montering av kapellb\u00e5gar och st\u00f6dst\u00e4nger p\u00e5 b\u00e5trelingen. Best\u00e4ll fr\u00e5n VA-Varuste.","robots":{"index":"index","follow":"follow","max-snippet":"max-snippet:-1","max-image-preview":"max-image-preview:large","max-video-preview":"max-video-preview:-1"},"canonical":"https:\/\/va-varuste.fi\/tuote\/avattava-kaidehela-rst\/","og_locale":"sv_SE","og_type":"article","og_title":"Mellanbeslag som kan \u00f6ppnas RST | VA-Varuste","og_description":"Mellanbeslag som kan \u00f6ppnas i rostfritt st\u00e5l f\u00f6r montering av kapellb\u00e5gar och st\u00f6dst\u00e4nger p\u00e5 b\u00e5trelingen. Best\u00e4ll fr\u00e5n VA-Varuste.","og_url":"https:\/\/va-varuste.fi\/tuote\/avattava-kaidehela-rst\/","og_site_name":"VA-Varuste","article_publisher":"https:\/\/www.facebook.com\/vavarustefi\/","article_modified_time":"2026-03-25T09:24:15+00:00","og_image":[{"width":1908,"height":1908,"url":"https:\/\/va-varuste.fi\/wp-content\/uploads\/2023\/10\/avattava-kaidehela-rst-30-mm.jpg","type":"image\/jpeg"}],"twitter_card":"summary_large_image","twitter_misc":{"Ber\u00e4knad l\u00e4stid":"1 minut"},"schema":{"@context":"https:\/\/schema.org","@graph":[{"@type":"WebPage","@id":"https:\/\/va-varuste.fi\/tuote\/avattava-kaidehela-rst\/","url":"https:\/\/va-varuste.fi\/tuote\/avattava-kaidehela-rst\/","name":"Mellanbeslag som kan \u00f6ppnas RST | VA-Varuste","isPartOf":{"@id":"https:\/\/va-varuste.fi\/#website"},"primaryImageOfPage":{"@id":"https:\/\/va-varuste.fi\/tuote\/avattava-kaidehela-rst\/#primaryimage"},"image":{"@id":"https:\/\/va-varuste.fi\/tuote\/avattava-kaidehela-rst\/#primaryimage"},"thumbnailUrl":"https:\/\/va-varuste.fi\/wp-content\/uploads\/2023\/10\/avattava-kaidehela-rst-30-mm.jpg","datePublished":"2023-10-25T06:27:24+00:00","dateModified":"2026-03-25T09:24:15+00:00","description":"Mellanbeslag som kan \u00f6ppnas i rostfritt st\u00e5l f\u00f6r montering av kapellb\u00e5gar och st\u00f6dst\u00e4nger p\u00e5 b\u00e5trelingen. Best\u00e4ll fr\u00e5n VA-Varuste.","breadcrumb":{"@id":"https:\/\/va-varuste.fi\/tuote\/avattava-kaidehela-rst\/#breadcrumb"},"inLanguage":"sv-SE","potentialAction":[{"@type":"ReadAction","target":["https:\/\/va-varuste.fi\/tuote\/avattava-kaidehela-rst\/"]}]},{"@type":"ImageObject","inLanguage":"sv-SE","@id":"https:\/\/va-varuste.fi\/tuote\/avattava-kaidehela-rst\/#primaryimage","url":"https:\/\/va-varuste.fi\/wp-content\/uploads\/2023\/10\/avattava-kaidehela-rst-30-mm.jpg","contentUrl":"https:\/\/va-varuste.fi\/wp-content\/uploads\/2023\/10\/avattava-kaidehela-rst-30-mm.jpg","width":1908,"height":1908},{"@type":"BreadcrumbList","@id":"https:\/\/va-varuste.fi\/tuote\/avattava-kaidehela-rst\/#breadcrumb","itemListElement":[{"@type":"ListItem","position":1,"name":"Etusivu","item":"https:\/\/va-varuste.fi\/sv\/"},{"@type":"ListItem","position":2,"name":"Webbutik","item":"https:\/\/va-varuste.fi\/sv\/webbutik\/"},{"@type":"ListItem","position":3,"name":"Mellanbeslag som kan \u00f6ppnas, rostfritt st\u00e5l"}]},{"@type":"WebSite","@id":"https:\/\/va-varuste.fi\/#website","url":"https:\/\/va-varuste.fi\/","name":"VA-Varuste","description":"","publisher":{"@id":"https:\/\/va-varuste.fi\/#organization"},"potentialAction":[{"@type":"SearchAction","target":{"@type":"EntryPoint","urlTemplate":"https:\/\/va-varuste.fi\/?s={search_term_string}"},"query-input":{"@type":"PropertyValueSpecification","valueRequired":true,"valueName":"search_term_string"}}],"inLanguage":"sv-SE"},{"@type":"Organization","@id":"https:\/\/va-varuste.fi\/#organization","name":"VA-Varuste","url":"https:\/\/va-varuste.fi\/","logo":{"@type":"ImageObject","inLanguage":"sv-SE","@id":"https:\/\/va-varuste.fi\/#\/schema\/logo\/image\/","url":"https:\/\/va-varuste.fi\/wp-content\/uploads\/2023\/09\/va-logo.svg","contentUrl":"https:\/\/va-varuste.fi\/wp-content\/uploads\/2023\/09\/va-logo.svg","caption":"VA-Varuste"},"image":{"@id":"https:\/\/va-varuste.fi\/#\/schema\/logo\/image\/"},"sameAs":["https:\/\/www.facebook.com\/vavarustefi\/","https:\/\/www.instagram.com\/vavaruste\/"]}]}},"_links":{"self":[{"href":"https:\/\/va-varuste.fi\/sv\/wp-json\/wp\/v2\/product\/234165","targetHints":{"allow":["GET"]}}],"collection":[{"href":"https:\/\/va-varuste.fi\/sv\/wp-json\/wp\/v2\/product"}],"about":[{"href":"https:\/\/va-varuste.fi\/sv\/wp-json\/wp\/v2\/types\/product"}],"wp:featuredmedia":[{"embeddable":true,"href":"https:\/\/va-varuste.fi\/sv\/wp-json\/wp\/v2\/media\/216124"}],"wp:attachment":[{"href":"https:\/\/va-varuste.fi\/sv\/wp-json\/wp\/v2\/media?parent=234165"}],"wp:term":[{"taxonomy":"product_brand","embeddable":true,"href":"https:\/\/va-varuste.fi\/sv\/wp-json\/wp\/v2\/product_brand?post=234165"},{"taxonomy":"product_cat","embeddable":true,"href":"https:\/\/va-varuste.fi\/sv\/wp-json\/wp\/v2\/product_cat?post=234165"},{"taxonomy":"product_tag","embeddable":true,"href":"https:\/\/va-varuste.fi\/sv\/wp-json\/wp\/v2\/product_tag?post=234165"}],"curies":[{"name":"wp","href":"https:\/\/api.w.org\/{rel}","templated":true}]}}