{"id":240541,"date":"2026-02-25T15:12:24","date_gmt":"2026-02-25T13:12:24","guid":{"rendered":"https:\/\/va-varuste.fi\/tuote\/testmar-420-t-batkapell\/"},"modified":"2026-03-11T15:36:02","modified_gmt":"2026-03-11T13:36:02","slug":"testmar-420-t-batkapell","status":"publish","type":"product","link":"https:\/\/va-varuste.fi\/sv\/produkt\/testmar-420-t-batkapell\/","title":{"rendered":"Testmar 420 T b\u00e5tkapell"},"content":{"rendered":"<h2>H\u00f6gkvalitativt m\u00e5ttbest\u00e4llt b\u00e5tkapell \u2014 Testmar 420 T<\/h2>\n<p>Testmar 420 T b\u00e5tkapell. Kapell tillverkat enligt standardm\u00f6nster. Passar till de ursprungliga b\u00e5garna. Kapellets f\u00e4sten sitter p\u00e5 m\u00f6nsterplatserna. OBS! M\u00f6nsterplatserna \u00f6verensst\u00e4mmer inte n\u00f6dv\u00e4ndigtvis helt med f\u00e4stenas placering p\u00e5 b\u00e5ten, varf\u00f6r det medf\u00f6ljer n\u00e5gra l\u00f6sa f\u00e4sten i paketet om det beh\u00f6vs flytta ett f\u00e4ste p\u00e5 b\u00e5tsidan. Om b\u00e5ten har eftermonterad till\u00e4ggsutrustning kan vi inte garantera kapellets passform. Inkluderar inte b\u00e5gar, kapellv\u00e4ska eller monteringstillbeh\u00f6r.<\/p>\n<p>Kapelltyget \u00e4r impregnerat f\u00e4rdigt p\u00e5 tygfabriken.<\/p>\n<h3>Produktegenskaper<\/h3>\n<ul>\n<li>M\u00e5ttbest\u00e4llt b\u00e5tkapell \u2014 passar perfekt<\/li>\n<li>H\u00f6gkvalitativt, h\u00e5llbart och UV-skyddat b\u00e5ttyg<\/li>\n<li>Stabila f\u00e4stl\u00f6sningar f\u00f6r l\u00e5ngvarig anv\u00e4ndning<\/li>\n<li>Finskt hantverk<\/li>\n<\/ul>\n<h3>Best\u00e4llning och leverans<\/h3>\n<p>Detta b\u00e5tkapell tillverkas p\u00e5 best\u00e4llning enligt just din b\u00e5ts m\u00e5tt och m\u00f6nster. Fyll i offertf\u00f6rfr\u00e5gan s\u00e5 behandlar v\u00e5r kundtj\u00e4nst din best\u00e4llning och kontaktar dig.<\/p>\n<p>Om du inte vet exakt din b\u00e5ts m\u00e4rke och \u00e5rsmodell beh\u00f6ver vi ditt gamla kapell f\u00f6r granskning innan vi kan b\u00f6rja tillverka ett nytt. Det kan finnas skillnader i kantf\u00e4stenas placering mellan enskilda b\u00e5tar, och s\u00e4rskilt i \u00e4ldre b\u00e5tmodeller beh\u00f6ver vi kontrollera det gamla kapellets f\u00e4stplaceringar.<\/p>\n<p>Vid behov ber vi dig om kompletterande uppgifter, s\u00e5 l\u00e4mna g\u00e4rna dina kontaktuppgifter p\u00e5 best\u00e4llningsformul\u00e4ret. V\u00e5r kundtj\u00e4nst bekr\u00e4ftar best\u00e4llningen n\u00e4r den har tagits i behandling.<\/p>\n","protected":false},"excerpt":{"rendered":"<p>B\u00e5tkapell till Testmar 420 T. Tillverkas p\u00e5 best\u00e4llning enligt m\u00e5tt.<\/p>\n","protected":false},"featured_media":243357,"template":"","meta":[],"product_brand":[],"product_cat":[4313],"product_tag":[],"class_list":{"0":"post-240541","1":"product","2":"type-product","3":"status-publish","4":"has-post-thumbnail","6":"product_cat-bestallningskapell","8":"first","9":"outofstock","10":"taxable","11":"shipping-taxable","12":"purchasable","13":"product-type-simple"},"yoast_head":"<!-- This site is optimized with the Yoast SEO plugin v27.2 - https:\/\/yoast.com\/product\/yoast-seo-wordpress\/ -->\n<title>Testmar 420 T b\u00e5tkapell - VA-Varuste<\/title>\n<meta name=\"description\" content=\"Best\u00e4ll ett h\u00f6gkvalitativt b\u00e5tkapell till Testmar 420 T. M\u00e5ttbest\u00e4llt, h\u00e5llbart och v\u00e4lpassande. Tilaa nyt!\" \/>\n<meta name=\"robots\" content=\"index, follow, max-snippet:-1, max-image-preview:large, max-video-preview:-1\" \/>\n<link rel=\"canonical\" href=\"https:\/\/va-varuste.fi\/sv\/produkt\/testmar-420-t-batkapell\/\" \/>\n<meta property=\"og:locale\" content=\"sv_SE\" \/>\n<meta property=\"og:type\" content=\"article\" \/>\n<meta property=\"og:title\" content=\"Testmar 420 T b\u00e5tkapell - VA-Varuste\" \/>\n<meta property=\"og:description\" content=\"Best\u00e4ll ett h\u00f6gkvalitativt b\u00e5tkapell till Testmar 420 T. M\u00e5ttbest\u00e4llt, h\u00e5llbart och v\u00e4lpassande. Tilaa nyt!\" \/>\n<meta property=\"og:url\" content=\"https:\/\/va-varuste.fi\/sv\/produkt\/testmar-420-t-batkapell\/\" \/>\n<meta property=\"og:site_name\" content=\"VA-Varuste\" \/>\n<meta property=\"article:publisher\" content=\"https:\/\/www.facebook.com\/vavarustefi\/\" \/>\n<meta property=\"article:modified_time\" content=\"2026-03-11T13:36:02+00:00\" \/>\n<meta name=\"twitter:card\" content=\"summary_large_image\" \/>\n<meta name=\"twitter:label1\" content=\"Ber\u00e4knad l\u00e4stid\" \/>\n\t<meta name=\"twitter:data1\" content=\"1 minut\" \/>\n<script type=\"application\/ld+json\" class=\"yoast-schema-graph\">{\"@context\":\"https:\/\/schema.org\",\"@graph\":[{\"@type\":\"WebPage\",\"@id\":\"https:\/\/va-varuste.fi\/sv\/produkt\/testmar-420-t-batkapell\/\",\"url\":\"https:\/\/va-varuste.fi\/sv\/produkt\/testmar-420-t-batkapell\/\",\"name\":\"Testmar 420 T b\u00e5tkapell - VA-Varuste\",\"isPartOf\":{\"@id\":\"https:\/\/va-varuste.fi\/#website\"},\"primaryImageOfPage\":{\"@id\":\"https:\/\/va-varuste.fi\/sv\/produkt\/testmar-420-t-batkapell\/#primaryimage\"},\"image\":{\"@id\":\"https:\/\/va-varuste.fi\/sv\/produkt\/testmar-420-t-batkapell\/#primaryimage\"},\"thumbnailUrl\":\"https:\/\/va-varuste.fi\/wp-content\/uploads\/2026\/02\/canopy_preview.jpg\",\"datePublished\":\"2026-02-25T13:12:24+00:00\",\"dateModified\":\"2026-03-11T13:36:02+00:00\",\"description\":\"Best\u00e4ll ett h\u00f6gkvalitativt b\u00e5tkapell till Testmar 420 T. M\u00e5ttbest\u00e4llt, h\u00e5llbart och v\u00e4lpassande. Tilaa nyt!\",\"breadcrumb\":{\"@id\":\"https:\/\/va-varuste.fi\/sv\/produkt\/testmar-420-t-batkapell\/#breadcrumb\"},\"inLanguage\":\"sv-SE\",\"potentialAction\":[{\"@type\":\"ReadAction\",\"target\":[\"https:\/\/va-varuste.fi\/sv\/produkt\/testmar-420-t-batkapell\/\"]}]},{\"@type\":\"ImageObject\",\"inLanguage\":\"sv-SE\",\"@id\":\"https:\/\/va-varuste.fi\/sv\/produkt\/testmar-420-t-batkapell\/#primaryimage\",\"url\":\"https:\/\/va-varuste.fi\/wp-content\/uploads\/2026\/02\/canopy_preview.jpg\",\"contentUrl\":\"https:\/\/va-varuste.fi\/wp-content\/uploads\/2026\/02\/canopy_preview.jpg\",\"width\":417,\"height\":416},{\"@type\":\"BreadcrumbList\",\"@id\":\"https:\/\/va-varuste.fi\/sv\/produkt\/testmar-420-t-batkapell\/#breadcrumb\",\"itemListElement\":[{\"@type\":\"ListItem\",\"position\":1,\"name\":\"Etusivu\",\"item\":\"https:\/\/va-varuste.fi\/sv\/\"},{\"@type\":\"ListItem\",\"position\":2,\"name\":\"Webbutik\",\"item\":\"https:\/\/va-varuste.fi\/sv\/webbutik\/\"},{\"@type\":\"ListItem\",\"position\":3,\"name\":\"Testmar 420 T b\u00e5tkapell\"}]},{\"@type\":\"WebSite\",\"@id\":\"https:\/\/va-varuste.fi\/#website\",\"url\":\"https:\/\/va-varuste.fi\/\",\"name\":\"VA-Varuste\",\"description\":\"\",\"publisher\":{\"@id\":\"https:\/\/va-varuste.fi\/#organization\"},\"potentialAction\":[{\"@type\":\"SearchAction\",\"target\":{\"@type\":\"EntryPoint\",\"urlTemplate\":\"https:\/\/va-varuste.fi\/?s={search_term_string}\"},\"query-input\":{\"@type\":\"PropertyValueSpecification\",\"valueRequired\":true,\"valueName\":\"search_term_string\"}}],\"inLanguage\":\"sv-SE\"},{\"@type\":\"Organization\",\"@id\":\"https:\/\/va-varuste.fi\/#organization\",\"name\":\"VA-Varuste\",\"url\":\"https:\/\/va-varuste.fi\/\",\"logo\":{\"@type\":\"ImageObject\",\"inLanguage\":\"sv-SE\",\"@id\":\"https:\/\/va-varuste.fi\/#\/schema\/logo\/image\/\",\"url\":\"https:\/\/va-varuste.fi\/wp-content\/uploads\/2023\/09\/va-logo.svg\",\"contentUrl\":\"https:\/\/va-varuste.fi\/wp-content\/uploads\/2023\/09\/va-logo.svg\",\"caption\":\"VA-Varuste\"},\"image\":{\"@id\":\"https:\/\/va-varuste.fi\/#\/schema\/logo\/image\/\"},\"sameAs\":[\"https:\/\/www.facebook.com\/vavarustefi\/\",\"https:\/\/www.instagram.com\/vavaruste\/\"]}]}<\/script>\n<!-- \/ Yoast SEO plugin. -->","yoast_head_json":{"title":"Testmar 420 T b\u00e5tkapell - VA-Varuste","description":"Best\u00e4ll ett h\u00f6gkvalitativt b\u00e5tkapell till Testmar 420 T. M\u00e5ttbest\u00e4llt, h\u00e5llbart och v\u00e4lpassande. Tilaa nyt!","robots":{"index":"index","follow":"follow","max-snippet":"max-snippet:-1","max-image-preview":"max-image-preview:large","max-video-preview":"max-video-preview:-1"},"canonical":"https:\/\/va-varuste.fi\/sv\/produkt\/testmar-420-t-batkapell\/","og_locale":"sv_SE","og_type":"article","og_title":"Testmar 420 T b\u00e5tkapell - VA-Varuste","og_description":"Best\u00e4ll ett h\u00f6gkvalitativt b\u00e5tkapell till Testmar 420 T. M\u00e5ttbest\u00e4llt, h\u00e5llbart och v\u00e4lpassande. Tilaa nyt!","og_url":"https:\/\/va-varuste.fi\/sv\/produkt\/testmar-420-t-batkapell\/","og_site_name":"VA-Varuste","article_publisher":"https:\/\/www.facebook.com\/vavarustefi\/","article_modified_time":"2026-03-11T13:36:02+00:00","twitter_card":"summary_large_image","twitter_misc":{"Ber\u00e4knad l\u00e4stid":"1 minut"},"schema":{"@context":"https:\/\/schema.org","@graph":[{"@type":"WebPage","@id":"https:\/\/va-varuste.fi\/sv\/produkt\/testmar-420-t-batkapell\/","url":"https:\/\/va-varuste.fi\/sv\/produkt\/testmar-420-t-batkapell\/","name":"Testmar 420 T b\u00e5tkapell - VA-Varuste","isPartOf":{"@id":"https:\/\/va-varuste.fi\/#website"},"primaryImageOfPage":{"@id":"https:\/\/va-varuste.fi\/sv\/produkt\/testmar-420-t-batkapell\/#primaryimage"},"image":{"@id":"https:\/\/va-varuste.fi\/sv\/produkt\/testmar-420-t-batkapell\/#primaryimage"},"thumbnailUrl":"https:\/\/va-varuste.fi\/wp-content\/uploads\/2026\/02\/canopy_preview.jpg","datePublished":"2026-02-25T13:12:24+00:00","dateModified":"2026-03-11T13:36:02+00:00","description":"Best\u00e4ll ett h\u00f6gkvalitativt b\u00e5tkapell till Testmar 420 T. M\u00e5ttbest\u00e4llt, h\u00e5llbart och v\u00e4lpassande. Tilaa nyt!","breadcrumb":{"@id":"https:\/\/va-varuste.fi\/sv\/produkt\/testmar-420-t-batkapell\/#breadcrumb"},"inLanguage":"sv-SE","potentialAction":[{"@type":"ReadAction","target":["https:\/\/va-varuste.fi\/sv\/produkt\/testmar-420-t-batkapell\/"]}]},{"@type":"ImageObject","inLanguage":"sv-SE","@id":"https:\/\/va-varuste.fi\/sv\/produkt\/testmar-420-t-batkapell\/#primaryimage","url":"https:\/\/va-varuste.fi\/wp-content\/uploads\/2026\/02\/canopy_preview.jpg","contentUrl":"https:\/\/va-varuste.fi\/wp-content\/uploads\/2026\/02\/canopy_preview.jpg","width":417,"height":416},{"@type":"BreadcrumbList","@id":"https:\/\/va-varuste.fi\/sv\/produkt\/testmar-420-t-batkapell\/#breadcrumb","itemListElement":[{"@type":"ListItem","position":1,"name":"Etusivu","item":"https:\/\/va-varuste.fi\/sv\/"},{"@type":"ListItem","position":2,"name":"Webbutik","item":"https:\/\/va-varuste.fi\/sv\/webbutik\/"},{"@type":"ListItem","position":3,"name":"Testmar 420 T b\u00e5tkapell"}]},{"@type":"WebSite","@id":"https:\/\/va-varuste.fi\/#website","url":"https:\/\/va-varuste.fi\/","name":"VA-Varuste","description":"","publisher":{"@id":"https:\/\/va-varuste.fi\/#organization"},"potentialAction":[{"@type":"SearchAction","target":{"@type":"EntryPoint","urlTemplate":"https:\/\/va-varuste.fi\/?s={search_term_string}"},"query-input":{"@type":"PropertyValueSpecification","valueRequired":true,"valueName":"search_term_string"}}],"inLanguage":"sv-SE"},{"@type":"Organization","@id":"https:\/\/va-varuste.fi\/#organization","name":"VA-Varuste","url":"https:\/\/va-varuste.fi\/","logo":{"@type":"ImageObject","inLanguage":"sv-SE","@id":"https:\/\/va-varuste.fi\/#\/schema\/logo\/image\/","url":"https:\/\/va-varuste.fi\/wp-content\/uploads\/2023\/09\/va-logo.svg","contentUrl":"https:\/\/va-varuste.fi\/wp-content\/uploads\/2023\/09\/va-logo.svg","caption":"VA-Varuste"},"image":{"@id":"https:\/\/va-varuste.fi\/#\/schema\/logo\/image\/"},"sameAs":["https:\/\/www.facebook.com\/vavarustefi\/","https:\/\/www.instagram.com\/vavaruste\/"]}]}},"_links":{"self":[{"href":"https:\/\/va-varuste.fi\/sv\/wp-json\/wp\/v2\/product\/240541","targetHints":{"allow":["GET"]}}],"collection":[{"href":"https:\/\/va-varuste.fi\/sv\/wp-json\/wp\/v2\/product"}],"about":[{"href":"https:\/\/va-varuste.fi\/sv\/wp-json\/wp\/v2\/types\/product"}],"wp:featuredmedia":[{"embeddable":true,"href":"https:\/\/va-varuste.fi\/sv\/wp-json\/wp\/v2\/media\/243357"}],"wp:attachment":[{"href":"https:\/\/va-varuste.fi\/sv\/wp-json\/wp\/v2\/media?parent=240541"}],"wp:term":[{"taxonomy":"product_brand","embeddable":true,"href":"https:\/\/va-varuste.fi\/sv\/wp-json\/wp\/v2\/product_brand?post=240541"},{"taxonomy":"product_cat","embeddable":true,"href":"https:\/\/va-varuste.fi\/sv\/wp-json\/wp\/v2\/product_cat?post=240541"},{"taxonomy":"product_tag","embeddable":true,"href":"https:\/\/va-varuste.fi\/sv\/wp-json\/wp\/v2\/product_tag?post=240541"}],"curies":[{"name":"wp","href":"https:\/\/api.w.org\/{rel}","templated":true}]}}