{"id":243322,"date":"2026-02-25T14:34:35","date_gmt":"2026-02-25T12:34:35","guid":{"rendered":"https:\/\/va-varuste.fi\/tuote\/amt-170-br-vindskydd\/"},"modified":"2026-03-12T12:03:01","modified_gmt":"2026-03-12T10:03:01","slug":"amt-170-br-vindskydd","status":"publish","type":"product","link":"https:\/\/va-varuste.fi\/sv\/produkt\/amt-170-br-vindskydd\/","title":{"rendered":"AMT 170 BR vindskydd"},"content":{"rendered":"<h2>AMT 170 BR vindskydd<\/h2>\n<p>AMT 170 BR vindskydd \u00e4r ett m\u00e5ttbest\u00e4llt h\u00f6gkvalitativt skydd f\u00f6r b\u00e5ten AMT 170 BR. \u00d6verdraget tillverkas p\u00e5 best\u00e4llning och skr\u00e4ddarsys efter din b\u00e5ts m\u00e5tt.<\/p>\n<h3>Kompatibilitet och skr\u00e4ddarsytt<\/h3>\n<p>Best\u00e4llnings-vindskydd \u00e4r konstruerat f\u00f6r b\u00e5ten AMT 170 BR. \u00d6verdraget tillverkas efter b\u00e5tens m\u00e5tt, vilket ger en utm\u00e4rkt passform. F\u00e4sten och mallplatser anpassas efter b\u00e5ten. Om din b\u00e5t har eftermonterad extrautrustning, meddela oss vid best\u00e4llningen s\u00e5 tar vi h\u00e4nsyn till det vid tillverkningen.<\/p>\n<h3>Material och kvalitet<\/h3>\n<p>Vi anv\u00e4nder h\u00f6gkvalitativa, UV-skyddade tyger som t\u00e5l nordiska v\u00e4derf\u00f6rh\u00e5llanden. Tyget \u00e4r impregnerat redan p\u00e5 tygfabriken. Tyget \u00e4r vattent\u00e4tt och andningsbart, vilket f\u00f6rhindrar fuktansamling under \u00f6verdraget. Alla \u00f6verdrag tillverkas med yrkeskunskap i Finland.<\/p>\n<h3>Best\u00e4llning och leverans<\/h3>\n<p>Best\u00e4llnings\u00f6verdrag tillverkas p\u00e5 best\u00e4llning och leveranstiden \u00e4r vanligtvis 3-5 veckor. Fr\u00e5ga om exakt leveranstid vid best\u00e4llningen. Mer information om best\u00e4llningsprocessen hittar du p\u00e5 v\u00e5r <a href=\"https:\/\/va-varuste.fi\/sv\/kundtjanst\/\">kundtj\u00e4nstsida<\/a>.<\/p>\n<h3>Beh\u00f6ver du hj\u00e4lp?<\/h3>\n<p>Kontakta v\u00e5r kunniga kundtj\u00e4nst om du beh\u00f6ver hj\u00e4lp med att v\u00e4lja r\u00e4tt \u00f6verdrag eller har fr\u00e5gor om produkten. Du hittar ocks\u00e5 ett brett utbud av <a href=\"https:\/\/va-varuste.fi\/sv\/produktkategori\/kapelltillbehor\/\" target=\"_blank\">kapelltillbeh\u00f6r<\/a> som f\u00e4sten och st\u00f6dben.<\/p>\n","protected":false},"excerpt":{"rendered":"<p>Vindskydd till AMT 170 BR. Tillverkas p\u00e5 best\u00e4llning enligt m\u00e5tt.<\/p>\n","protected":false},"featured_media":0,"template":"","meta":[],"product_brand":[],"product_cat":[4316],"product_tag":[],"class_list":{"0":"post-243322","1":"product","2":"type-product","3":"status-publish","5":"product_cat-bestallningsoverdrag","7":"first","8":"outofstock","9":"taxable","10":"shipping-taxable","11":"purchasable","12":"product-type-simple"},"yoast_head":"<!-- This site is optimized with the Yoast SEO plugin v27.2 - https:\/\/yoast.com\/product\/yoast-seo-wordpress\/ -->\n<title>AMT 170 BR vindskydd | VA-Varuste.fi<\/title>\n<meta name=\"description\" content=\"AMT 170 BR vindskydd. M\u00e5ttbest\u00e4llt h\u00f6gkvalitativt skydd. Best\u00e4ll fr\u00e5n VA-Varuste.fi.\" \/>\n<meta name=\"robots\" content=\"index, follow, max-snippet:-1, max-image-preview:large, max-video-preview:-1\" \/>\n<link rel=\"canonical\" href=\"https:\/\/va-varuste.fi\/sv\/produkt\/amt-170-br-vindskydd\/\" \/>\n<meta property=\"og:locale\" content=\"sv_SE\" \/>\n<meta property=\"og:type\" content=\"article\" \/>\n<meta property=\"og:title\" content=\"AMT 170 BR vindskydd | VA-Varuste.fi\" \/>\n<meta property=\"og:description\" content=\"AMT 170 BR vindskydd. M\u00e5ttbest\u00e4llt h\u00f6gkvalitativt skydd. Best\u00e4ll fr\u00e5n VA-Varuste.fi.\" \/>\n<meta property=\"og:url\" content=\"https:\/\/va-varuste.fi\/sv\/produkt\/amt-170-br-vindskydd\/\" \/>\n<meta property=\"og:site_name\" content=\"VA-Varuste\" \/>\n<meta property=\"article:publisher\" content=\"https:\/\/www.facebook.com\/vavarustefi\/\" \/>\n<meta property=\"article:modified_time\" content=\"2026-03-12T10:03:01+00:00\" \/>\n<meta name=\"twitter:card\" content=\"summary_large_image\" \/>\n<meta name=\"twitter:label1\" content=\"Ber\u00e4knad l\u00e4stid\" \/>\n\t<meta name=\"twitter:data1\" content=\"1 minut\" \/>\n<script type=\"application\/ld+json\" class=\"yoast-schema-graph\">{\"@context\":\"https:\/\/schema.org\",\"@graph\":[{\"@type\":\"WebPage\",\"@id\":\"https:\/\/va-varuste.fi\/sv\/produkt\/amt-170-br-vindskydd\/\",\"url\":\"https:\/\/va-varuste.fi\/sv\/produkt\/amt-170-br-vindskydd\/\",\"name\":\"AMT 170 BR vindskydd | VA-Varuste.fi\",\"isPartOf\":{\"@id\":\"https:\/\/va-varuste.fi\/#website\"},\"datePublished\":\"2026-02-25T12:34:35+00:00\",\"dateModified\":\"2026-03-12T10:03:01+00:00\",\"description\":\"AMT 170 BR vindskydd. M\u00e5ttbest\u00e4llt h\u00f6gkvalitativt skydd. Best\u00e4ll fr\u00e5n VA-Varuste.fi.\",\"breadcrumb\":{\"@id\":\"https:\/\/va-varuste.fi\/sv\/produkt\/amt-170-br-vindskydd\/#breadcrumb\"},\"inLanguage\":\"sv-SE\",\"potentialAction\":[{\"@type\":\"ReadAction\",\"target\":[\"https:\/\/va-varuste.fi\/sv\/produkt\/amt-170-br-vindskydd\/\"]}]},{\"@type\":\"BreadcrumbList\",\"@id\":\"https:\/\/va-varuste.fi\/sv\/produkt\/amt-170-br-vindskydd\/#breadcrumb\",\"itemListElement\":[{\"@type\":\"ListItem\",\"position\":1,\"name\":\"Etusivu\",\"item\":\"https:\/\/va-varuste.fi\/sv\/\"},{\"@type\":\"ListItem\",\"position\":2,\"name\":\"Webbutik\",\"item\":\"https:\/\/va-varuste.fi\/sv\/webbutik\/\"},{\"@type\":\"ListItem\",\"position\":3,\"name\":\"AMT 170 BR vindskydd\"}]},{\"@type\":\"WebSite\",\"@id\":\"https:\/\/va-varuste.fi\/#website\",\"url\":\"https:\/\/va-varuste.fi\/\",\"name\":\"VA-Varuste\",\"description\":\"\",\"publisher\":{\"@id\":\"https:\/\/va-varuste.fi\/#organization\"},\"potentialAction\":[{\"@type\":\"SearchAction\",\"target\":{\"@type\":\"EntryPoint\",\"urlTemplate\":\"https:\/\/va-varuste.fi\/?s={search_term_string}\"},\"query-input\":{\"@type\":\"PropertyValueSpecification\",\"valueRequired\":true,\"valueName\":\"search_term_string\"}}],\"inLanguage\":\"sv-SE\"},{\"@type\":\"Organization\",\"@id\":\"https:\/\/va-varuste.fi\/#organization\",\"name\":\"VA-Varuste\",\"url\":\"https:\/\/va-varuste.fi\/\",\"logo\":{\"@type\":\"ImageObject\",\"inLanguage\":\"sv-SE\",\"@id\":\"https:\/\/va-varuste.fi\/#\/schema\/logo\/image\/\",\"url\":\"https:\/\/va-varuste.fi\/wp-content\/uploads\/2023\/09\/va-logo.svg\",\"contentUrl\":\"https:\/\/va-varuste.fi\/wp-content\/uploads\/2023\/09\/va-logo.svg\",\"caption\":\"VA-Varuste\"},\"image\":{\"@id\":\"https:\/\/va-varuste.fi\/#\/schema\/logo\/image\/\"},\"sameAs\":[\"https:\/\/www.facebook.com\/vavarustefi\/\",\"https:\/\/www.instagram.com\/vavaruste\/\"]}]}<\/script>\n<!-- \/ Yoast SEO plugin. -->","yoast_head_json":{"title":"AMT 170 BR vindskydd | VA-Varuste.fi","description":"AMT 170 BR vindskydd. M\u00e5ttbest\u00e4llt h\u00f6gkvalitativt skydd. Best\u00e4ll fr\u00e5n VA-Varuste.fi.","robots":{"index":"index","follow":"follow","max-snippet":"max-snippet:-1","max-image-preview":"max-image-preview:large","max-video-preview":"max-video-preview:-1"},"canonical":"https:\/\/va-varuste.fi\/sv\/produkt\/amt-170-br-vindskydd\/","og_locale":"sv_SE","og_type":"article","og_title":"AMT 170 BR vindskydd | VA-Varuste.fi","og_description":"AMT 170 BR vindskydd. M\u00e5ttbest\u00e4llt h\u00f6gkvalitativt skydd. Best\u00e4ll fr\u00e5n VA-Varuste.fi.","og_url":"https:\/\/va-varuste.fi\/sv\/produkt\/amt-170-br-vindskydd\/","og_site_name":"VA-Varuste","article_publisher":"https:\/\/www.facebook.com\/vavarustefi\/","article_modified_time":"2026-03-12T10:03:01+00:00","twitter_card":"summary_large_image","twitter_misc":{"Ber\u00e4knad l\u00e4stid":"1 minut"},"schema":{"@context":"https:\/\/schema.org","@graph":[{"@type":"WebPage","@id":"https:\/\/va-varuste.fi\/sv\/produkt\/amt-170-br-vindskydd\/","url":"https:\/\/va-varuste.fi\/sv\/produkt\/amt-170-br-vindskydd\/","name":"AMT 170 BR vindskydd | VA-Varuste.fi","isPartOf":{"@id":"https:\/\/va-varuste.fi\/#website"},"datePublished":"2026-02-25T12:34:35+00:00","dateModified":"2026-03-12T10:03:01+00:00","description":"AMT 170 BR vindskydd. M\u00e5ttbest\u00e4llt h\u00f6gkvalitativt skydd. Best\u00e4ll fr\u00e5n VA-Varuste.fi.","breadcrumb":{"@id":"https:\/\/va-varuste.fi\/sv\/produkt\/amt-170-br-vindskydd\/#breadcrumb"},"inLanguage":"sv-SE","potentialAction":[{"@type":"ReadAction","target":["https:\/\/va-varuste.fi\/sv\/produkt\/amt-170-br-vindskydd\/"]}]},{"@type":"BreadcrumbList","@id":"https:\/\/va-varuste.fi\/sv\/produkt\/amt-170-br-vindskydd\/#breadcrumb","itemListElement":[{"@type":"ListItem","position":1,"name":"Etusivu","item":"https:\/\/va-varuste.fi\/sv\/"},{"@type":"ListItem","position":2,"name":"Webbutik","item":"https:\/\/va-varuste.fi\/sv\/webbutik\/"},{"@type":"ListItem","position":3,"name":"AMT 170 BR vindskydd"}]},{"@type":"WebSite","@id":"https:\/\/va-varuste.fi\/#website","url":"https:\/\/va-varuste.fi\/","name":"VA-Varuste","description":"","publisher":{"@id":"https:\/\/va-varuste.fi\/#organization"},"potentialAction":[{"@type":"SearchAction","target":{"@type":"EntryPoint","urlTemplate":"https:\/\/va-varuste.fi\/?s={search_term_string}"},"query-input":{"@type":"PropertyValueSpecification","valueRequired":true,"valueName":"search_term_string"}}],"inLanguage":"sv-SE"},{"@type":"Organization","@id":"https:\/\/va-varuste.fi\/#organization","name":"VA-Varuste","url":"https:\/\/va-varuste.fi\/","logo":{"@type":"ImageObject","inLanguage":"sv-SE","@id":"https:\/\/va-varuste.fi\/#\/schema\/logo\/image\/","url":"https:\/\/va-varuste.fi\/wp-content\/uploads\/2023\/09\/va-logo.svg","contentUrl":"https:\/\/va-varuste.fi\/wp-content\/uploads\/2023\/09\/va-logo.svg","caption":"VA-Varuste"},"image":{"@id":"https:\/\/va-varuste.fi\/#\/schema\/logo\/image\/"},"sameAs":["https:\/\/www.facebook.com\/vavarustefi\/","https:\/\/www.instagram.com\/vavaruste\/"]}]}},"_links":{"self":[{"href":"https:\/\/va-varuste.fi\/sv\/wp-json\/wp\/v2\/product\/243322","targetHints":{"allow":["GET"]}}],"collection":[{"href":"https:\/\/va-varuste.fi\/sv\/wp-json\/wp\/v2\/product"}],"about":[{"href":"https:\/\/va-varuste.fi\/sv\/wp-json\/wp\/v2\/types\/product"}],"wp:attachment":[{"href":"https:\/\/va-varuste.fi\/sv\/wp-json\/wp\/v2\/media?parent=243322"}],"wp:term":[{"taxonomy":"product_brand","embeddable":true,"href":"https:\/\/va-varuste.fi\/sv\/wp-json\/wp\/v2\/product_brand?post=243322"},{"taxonomy":"product_cat","embeddable":true,"href":"https:\/\/va-varuste.fi\/sv\/wp-json\/wp\/v2\/product_cat?post=243322"},{"taxonomy":"product_tag","embeddable":true,"href":"https:\/\/va-varuste.fi\/sv\/wp-json\/wp\/v2\/product_tag?post=243322"}],"curies":[{"name":"wp","href":"https:\/\/api.w.org\/{rel}","templated":true}]}}